{"id":553,"date":"2025-11-04T08:25:23","date_gmt":"2025-11-04T07:25:23","guid":{"rendered":"https:\/\/inkfusion.es\/desarrollo\/metagestion\/?page_id=553"},"modified":"2025-11-04T09:50:27","modified_gmt":"2025-11-04T08:50:27","slug":"sostenibilidad","status":"publish","type":"page","link":"https:\/\/inkfusion.es\/desarrollo\/metagestion\/sostenibilidad\/","title":{"rendered":"Sostenibilidad"},"content":{"rendered":"<div class=\"wpb-content-wrapper\">[vc_row remove_bottom_col_margin=\u00bbtrue\u00bb][vc_column]<div class=\"wpex-template-shortcode\"><div class=\"vc_row wpb_row vc_row-fluid wpex-relative wpex-vc_row-col-mb-0\"><div class=\"wpb_column vc_column_container vc_col-sm-12\"><div class=\"vc_column-inner\"><div class=\"wpb_wrapper\"><div class=\"vcex-spacing wpex-w-100 wpex-clear\" style=\"height:clamp(60px, 7vmax, 120px);\"><\/div><\/div><\/div><\/div><\/div>\n<\/div>[\/vc_column][\/vc_row][vc_row][vc_column width=\u00bb1\/3&#8243;]<style>.vcex-heading.vcex_69de7c1830b84{color:var(--wpex-palette-336-color);font-size:var(--wpex-text-4xl);font-weight:600;}<\/style><h1 class=\"vcex-heading vcex-heading-plain vcex-module wpex-heading wpex-text-2xl wpex-text-left vcex_69de7c1830b84\"><span class=\"vcex-heading-inner wpex-inline-block\">Sostenibilidad<\/span><\/h1><div class=\"vcex-module vcex-divider vcex-divider-dotted vcex-divider-center wpex-mx-auto wpex-block wpex-h-0\" style=\"margin-inline-end:10px;margin-block:10px;\"><\/div><style>.vcex-navbar.vcex_69de7c1832863 a.vcex-navbar-link{color:var(--wpex-palette-336-color);text-decoration-line:none;text-transform:uppercase;}.vcex-navbar.vcex_69de7c1832863 a.vcex-navbar-link:is(:hover,.active){color:var(--wpex-palette-337-color);}.vcex-navbar.vcex_69de7c1832863 a.vcex-navbar-link:is(:active,.active){color:var(--wpex-palette-337-color);text-decoration-line:none;}.vcex-navbar.vcex_69de7c1832863 a.vcex-navbar-link:hover{text-decoration-line:none;}.vcex-navbar.vcex_69de7c1832863{font-size:var(--wpex-text-base);}<\/style><nav class=\"vcex-navbar vcex-navbar--list vcex-module vcex-navbar-sticky wpex-transition-opacity wpex-duration-300 vcex-navbar-sticky-offset wpex-ls-offset vc_custom_1762246225222 vcex_69de7c1832863\"><div class=\"vcex-navbar-inner wpex-flex wpex-flex-wrap wpex-flex-col wpex-items-start wpex-gap-y-5 visible-desktop\"><div class=\"vcex-navbar-list-item wpex-list-item wpex-clear\"><a href=\"https:\/\/inkfusion.es\/desarrollo\/metagestion\/aviso-legal\/\" class=\"vcex-navbar-link vcex-navbar-link--528 wpex-block theme-txt-link list wpex-font-normal wpex-text-1em\"><span class=\"vcex-navbar-link-text\">Aviso Legal<\/span><\/a><\/div><div class=\"vcex-navbar-list-item wpex-list-item wpex-clear\"><a href=\"https:\/\/inkfusion.es\/desarrollo\/metagestion\/politica-de-privacidad\/\" class=\"vcex-navbar-link vcex-navbar-link--542 wpex-block theme-txt-link list wpex-font-normal wpex-text-1em\"><span class=\"vcex-navbar-link-text\">Pol\u00edtica de Privacidad<\/span><\/a><\/div><div class=\"vcex-navbar-list-item wpex-list-item wpex-clear\"><a href=\"https:\/\/inkfusion.es\/desarrollo\/metagestion\/politica-de-cookies\/\" class=\"vcex-navbar-link vcex-navbar-link--550 wpex-block theme-txt-link list wpex-font-normal wpex-text-1em\"><span class=\"vcex-navbar-link-text\">Pol\u00edtica de Cookies<\/span><\/a><\/div><div class=\"vcex-navbar-list-item wpex-list-item wpex-clear\"><a href=\"https:\/\/inkfusion.es\/desarrollo\/metagestion\/sostenibilidad\/\" class=\"vcex-navbar-link vcex-navbar-link--553 wpex-block theme-txt-link list wpex-font-normal wpex-text-1em\"><span class=\"vcex-navbar-link-text\">Sostenibilidad<\/span><\/a><\/div><div class=\"vcex-navbar-list-item wpex-list-item wpex-clear\"><a href=\"https:\/\/inkfusion.es\/desarrollo\/metagestion\/documentacion-y-contratos\/\" class=\"vcex-navbar-link vcex-navbar-link--557 wpex-block theme-txt-link list wpex-font-normal wpex-text-1em\"><span class=\"vcex-navbar-link-text\">Documentaci\u00f3n y Contratos<\/span><\/a><\/div><div class=\"vcex-navbar-list-item wpex-list-item wpex-clear\"><a href=\"https:\/\/inkfusion.es\/desarrollo\/metagestion\/atencion-al-cliente\/\" class=\"vcex-navbar-link vcex-navbar-link--587 wpex-block theme-txt-link list wpex-font-normal wpex-text-1em\"><span class=\"vcex-navbar-link-text\">Atenci\u00f3n al Cliente<\/span><\/a><\/div><div class=\"vcex-navbar-list-item wpex-list-item wpex-clear\"><a href=\"https:\/\/inkfusion.es\/desarrollo\/metagestion\/canal-de-denuncias\/\" class=\"vcex-navbar-link vcex-navbar-link--597 wpex-block theme-txt-link list wpex-font-normal wpex-text-1em\"><span class=\"vcex-navbar-link-text\">Canal de Denuncias<\/span><\/a><\/div><\/div><div class=\"vcex-navbar-mobile-select hidden-desktop wpex-select-wrap\"><select autocomplete=\"off\"><option>Aviso Legal<\/option><option>Pol\u00edtica de Privacidad<\/option><option>Pol\u00edtica de Cookies<\/option><option>Sostenibilidad<\/option><option>Documentaci\u00f3n y Contratos<\/option><option>Atenci\u00f3n al Cliente<\/option><option>Canal de Denuncias<\/option><\/select><div class=\"wpex-select-arrow\"><span class=\"wpex-select-arrow__icon wpex-icon--sm wpex-flex wpex-icon\" aria-hidden=\"true\"><svg viewBox=\"0 0 24 24\" xmlns=\"http:\/\/www.w3.org\/2000\/svg\"><rect fill=\"none\" height=\"24\" width=\"24\"\/><g transform=\"matrix(0, -1, 1, 0, -0.115, 23.885)\"><polygon points=\"17.77,3.77 16,2 6,12 16,22 17.77,20.23 9.54,12\"\/><\/g><\/svg><\/span><\/div><\/div><\/nav>[\/vc_column][vc_column width=\u00bb2\/3&#8243;][vc_column_text css=\u00bb\u00bb]\n<h3>Informaci\u00f3n sobre sostenibilidad para la gesti\u00f3n de fondos de inversi\u00f3n y nuestros mandatos de gesti\u00f3n discrecional de carteras.<\/h3>\n<p>El 10 de marzo de 2021 entr\u00f3 en vigor el Reglamento (UE) 2019\/2088 sobre la divulgaci\u00f3n de informaci\u00f3n relativa a la sostenibilidad en el sector de los servicios financieros (\u00ab<strong>SFDR<\/strong>\u00ab). Las finanzas sostenibles son un campo relativamente nuevo de las finanzas. En la actualidad, no existe un marco universalmente aceptado o una lista de factores a considerar para garantizar que las inversiones sean sostenibles. Adem\u00e1s, el marco legal y reglamentario que rige las finanzas sostenibles est\u00e1 todav\u00eda en desarrollo, en particular, el proyecto de normas t\u00e9cnicas reglamentarias de nivel 2 al que se refiere el SFDR.<\/p>\n<p>La falta de normas comunes puede dar lugar a diferentes enfoques para establecer y alcanzar objetivos medioambientales, sociales y de gobierno corporativo (\u00ab<strong>ASG<\/strong>\u00ab). Los factores de sostenibilidad pueden variar en funci\u00f3n de los temas de inversi\u00f3n, las clases de activos, la filosof\u00eda de inversi\u00f3n y el uso subjetivo de los distintos indicadores ASG que rigen la construcci\u00f3n de la cartera. La selecci\u00f3n y las ponderaciones aplicadas pueden ser, hasta cierto punto, subjetivas o basarse en m\u00e9tricas que pueden compartir el mismo nombre, pero tener diferentes significados subyacentes. La informaci\u00f3n ASG, ya sea de una fuente externa y\/o interna, se basa, por naturaleza y en muchos casos, en una evaluaci\u00f3n cualitativa y discrecional, especialmente, en ausencia de normas de mercado bien definidas y debido a la existencia de m\u00faltiples enfoques de la inversi\u00f3n sostenible. Por lo tanto, un elemento de subjetividad y discreci\u00f3n es inherente a la interpretaci\u00f3n y el uso de los datos ASG. En consecuencia, puede resultar dif\u00edcil comparar estrategias que integren criterios ASG. Los inversores deben tener en cuenta que el valor subjetivo que pueden asignar o no a determinados tipos de criterios ASG puede diferir sustancialmente del de un subfondo, por ejemplo.<\/p>\n<p>La informaci\u00f3n ASG de los proveedores de datos externos puede ser incompleta, inexacta o no estar disponible. Como resultado, existe el riesgo de evaluar incorrectamente un valor o emisor, lo que puede resultar en la inclusi\u00f3n o exclusi\u00f3n incorrecta de un valor. Los proveedores de datos ASG pueden cambiar la evaluaci\u00f3n de los emisores o instrumentos, a su discreci\u00f3n y de vez en cuando, debido a factores ASG u otros.<\/p>\n<p>El enfoque hacia las finanzas sostenibles puede evolucionar y desarrollarse a lo largo del tiempo, tanto por el perfeccionamiento de los procesos de toma de decisiones de inversi\u00f3n para abordar los factores y riesgos ASG como por la evoluci\u00f3n legal y normativa.<\/p>\n<p>Los factores de sostenibilidad, incluidos los aspectos medioambientales, sociales y de gobierno, pueden representar un riesgo de sostenibilidad que, de producirse, al igual que otros riesgos, podr\u00eda causar un impacto material negativo real o potencial en el valor de las inversiones mantenidas por los fondos de inversi\u00f3n o las carteras de los clientes. Del mismo modo, los factores de sostenibilidad pueden representar una oportunidad para los fondos de inversi\u00f3n y las carteras que, de producirse, podr\u00eda causar un impacto material positivo real o potencial en el valor de las inversiones en los fondos de inversi\u00f3n y las carteras de los clientes.<\/p>\n<p>La consideraci\u00f3n de los riesgos de sostenibilidad dentro del proceso de decisi\u00f3n de inversi\u00f3n puede tener un impacto positivo o negativo en el valor de las inversiones y en el rendimiento global de los fondos de inversi\u00f3n y de las carteras de los clientes.<\/p>\n<h3>Integraci\u00f3n de los riesgos de sostenibilidad por parte de Metagesti\u00f3n, SGIIC, S.A.<\/h3>\n<p>En Metagesti\u00f3n, SGIIC, S.A., consideramos los riesgos de sostenibilidad en el marco general de gesti\u00f3n de riesgos de la Sociedad Gestora. La Sociedad Gestora integra los riesgos de sostenibilidad en su proceso de toma de decisiones de inversi\u00f3n, cuando es relevante, ya que considera que esta integraci\u00f3n podr\u00eda ayudar a mejorar la rentabilidad ajustada al riesgo a largo plazo para los inversores, de acuerdo con los objetivos y pol\u00edticas de inversi\u00f3n de los fondos de inversi\u00f3n y las carteras de los clientes.<\/p>\n<p>Cuando se trata de la integraci\u00f3n de los riesgos de sostenibilidad en los procesos de gesti\u00f3n de las inversiones, creemos que el punto de partida es un marco de gobernanza del producto. En este contexto, Metagesti\u00f3n, SGIIC, S.A., ha iniciado el desarrollo de nuevas pol\u00edticas, as\u00ed como la adaptaci\u00f3n de los procesos existentes para mejorar la detecci\u00f3n de los riesgos de sostenibilidad e incluirlos en su proceso de toma de decisiones de inversi\u00f3n. Para ello, las decisiones de inversi\u00f3n de la Sociedad Gestora observan los riesgos de sostenibilidad considerando informaci\u00f3n interna y externa de terceros proveedores y ciertos umbrales m\u00ednimos ASG. Este umbral m\u00ednimo consiste en la incorporaci\u00f3n de inversiones cuyas calificaciones cumplan con las calificaciones ASG proporcionadas por proveedores de datos ASG externos.<\/p>\n<p>El equipo directivo tiene la vocaci\u00f3n de realizar inversiones sostenibles, pero no es la principal prioridad, ya que no cuentan con un departamento espec\u00edfico para realizar el an\u00e1lisis de estas empresas.<\/p>\n<p>En la actualidad, Metagesti\u00f3n, SGIIC, S.A. no est\u00e1 examinando los riesgos de sostenibilidad en la gesti\u00f3n de los fondos de inversi\u00f3n espa\u00f1oles, pero s\u00ed est\u00e1 planeando considerar los riesgos de sostenibilidad en la gesti\u00f3n del fondo luxemburgu\u00e9s, el cual est\u00e1 en proceso de incorporaci\u00f3n. En el futuro, Metagesti\u00f3n, SGIIC, S.A examinar\u00e1 los riesgos de sostenibilidad para todos los fondos de inversi\u00f3n gestionados y su folleto se modificar\u00e1 en consecuencia.<\/p>\n<h3>No se tienen en cuenta los impactos adversos de la sostenibilidad<\/h3>\n<p>Metagesti\u00f3n, SGIIC, S.A., a trav\u00e9s de sus fondos de inversi\u00f3n y carteras de clientes, no promueve caracter\u00edsticas ambientales o sociales, ni tiene como objetivo la inversi\u00f3n sostenible.<\/p>\n<p>Adem\u00e1s, Metagesti\u00f3n, SGIIC, S.A. no considera los impactos adversos para sus fondos de inversi\u00f3n y mandatos de gesti\u00f3n discrecional de carteras ni publica un informe consolidado sobre los impactos adversos de sus decisiones de inversi\u00f3n en factores de sostenibilidad.<\/p>\n<p>En caso de que cambie el enfoque de la consideraci\u00f3n de los factores de sostenibilidad y los riesgos relacionados, ya sea tras la finalizaci\u00f3n del marco normativo y legal, Metagesti\u00f3n, SGIIC, S.A. reevaluar\u00e1 esta posici\u00f3n de forma peri\u00f3dica.<\/p>\n<h3>Informaci\u00f3n sobre nuestra pol\u00edtica de remuneraci\u00f3n<\/h3>\n<p>Metagesti\u00f3n, SGIIC, S.A. reconoce la importancia de los elementos de sostenibilidad ASG en toda su actividad empresarial, incluyendo sus sistemas de retribuci\u00f3n.<\/p>\n<p>Los sistemas de remuneraci\u00f3n est\u00e1n dise\u00f1ados para garantizar el cumplimiento de las normas y reglamentos globales, incluidas las consideraciones ASG aplicables y, en particular, las directrices espec\u00edficas de cada lugar, en apoyo de una s\u00f3lida cultura del riesgo.[\/vc_column_text][\/vc_column][\/vc_row][vc_row remove_bottom_col_margin=\u00bbtrue\u00bb][vc_column]<div class=\"wpex-template-shortcode\"><div class=\"vc_row wpb_row vc_row-fluid wpex-relative wpex-vc_row-col-mb-0\"><div class=\"wpb_column vc_column_container vc_col-sm-12\"><div class=\"vc_column-inner\"><div class=\"wpb_wrapper\"><div class=\"vcex-spacing wpex-w-100 wpex-clear\" style=\"height:clamp(60px, 7vmax, 120px);\"><\/div><\/div><\/div><\/div><\/div>\n<\/div>[\/vc_column][\/vc_row]\n<\/div>","protected":false},"excerpt":{"rendered":"SostenibilidadAviso LegalPol\u00edtica de PrivacidadPol\u00edtica de CookiesSostenibilidadDocumentaci\u00f3n y ContratosAtenci\u00f3n al ClienteCanal de DenunciasAviso LegalPol\u00edtica de PrivacidadPol\u00edtica de CookiesSostenibilidadDocumentaci\u00f3n y ContratosAtenci\u00f3n al ClienteCanal de Denuncias Informaci\u00f3n sobre sostenibilidad para la gesti\u00f3n de fondos de inversi\u00f3n y nuestros mandatos de gesti\u00f3n discrecional de carteras. El 10 de marzo de 2021 entr\u00f3 en vigor el Reglamento (UE) 2019\/2088 sobre&hellip;","protected":false},"author":1,"featured_media":0,"parent":0,"menu_order":0,"comment_status":"closed","ping_status":"closed","template":"","meta":{"_acf_changed":false,"footnotes":""},"class_list":["post-553","page","type-page","status-publish","hentry","entry","no-media"],"acf":[],"_links":{"self":[{"href":"https:\/\/inkfusion.es\/desarrollo\/metagestion\/wp-json\/wp\/v2\/pages\/553","targetHints":{"allow":["GET"]}}],"collection":[{"href":"https:\/\/inkfusion.es\/desarrollo\/metagestion\/wp-json\/wp\/v2\/pages"}],"about":[{"href":"https:\/\/inkfusion.es\/desarrollo\/metagestion\/wp-json\/wp\/v2\/types\/page"}],"author":[{"embeddable":true,"href":"https:\/\/inkfusion.es\/desarrollo\/metagestion\/wp-json\/wp\/v2\/users\/1"}],"replies":[{"embeddable":true,"href":"https:\/\/inkfusion.es\/desarrollo\/metagestion\/wp-json\/wp\/v2\/comments?post=553"}],"version-history":[{"count":3,"href":"https:\/\/inkfusion.es\/desarrollo\/metagestion\/wp-json\/wp\/v2\/pages\/553\/revisions"}],"predecessor-version":[{"id":607,"href":"https:\/\/inkfusion.es\/desarrollo\/metagestion\/wp-json\/wp\/v2\/pages\/553\/revisions\/607"}],"wp:attachment":[{"href":"https:\/\/inkfusion.es\/desarrollo\/metagestion\/wp-json\/wp\/v2\/media?parent=553"}],"curies":[{"name":"wp","href":"https:\/\/api.w.org\/{rel}","templated":true}]}}