{"id":550,"date":"2025-11-03T18:32:37","date_gmt":"2025-11-03T17:32:37","guid":{"rendered":"https:\/\/inkfusion.es\/desarrollo\/metagestion\/?page_id=550"},"modified":"2025-11-04T09:51:03","modified_gmt":"2025-11-04T08:51:03","slug":"politica-de-cookies","status":"publish","type":"page","link":"https:\/\/inkfusion.es\/desarrollo\/metagestion\/politica-de-cookies\/","title":{"rendered":"Pol\u00edtica de Cookies"},"content":{"rendered":"<div class=\"wpb-content-wrapper\">[vc_row remove_bottom_col_margin=\u00bbtrue\u00bb][vc_column]<div class=\"wpex-template-shortcode\"><div class=\"vc_row wpb_row vc_row-fluid wpex-relative wpex-vc_row-col-mb-0\"><div class=\"wpb_column vc_column_container vc_col-sm-12\"><div class=\"vc_column-inner\"><div class=\"wpb_wrapper\"><div class=\"vcex-spacing wpex-w-100 wpex-clear\" style=\"height:clamp(60px, 7vmax, 120px);\"><\/div><\/div><\/div><\/div><\/div>\n<\/div>[\/vc_column][\/vc_row][vc_row][vc_column width=\u00bb1\/3&#8243;]<style>.vcex-heading.vcex_69de7be350a7d{color:var(--wpex-palette-336-color);font-size:var(--wpex-text-4xl);font-weight:600;}<\/style><h1 class=\"vcex-heading vcex-heading-plain vcex-module wpex-heading wpex-text-2xl wpex-text-left vcex_69de7be350a7d\"><span class=\"vcex-heading-inner wpex-inline-block\">Pol\u00edtica de Cookies<\/span><\/h1><div class=\"vcex-module vcex-divider vcex-divider-dotted vcex-divider-center wpex-mx-auto wpex-block wpex-h-0\" style=\"margin-inline-end:10px;margin-block:10px;\"><\/div><style>.vcex-navbar.vcex_69de7be351f3e a.vcex-navbar-link{color:var(--wpex-palette-336-color);text-decoration-line:none;text-transform:uppercase;}.vcex-navbar.vcex_69de7be351f3e a.vcex-navbar-link:is(:hover,.active){color:var(--wpex-palette-337-color);}.vcex-navbar.vcex_69de7be351f3e a.vcex-navbar-link:is(:active,.active){color:var(--wpex-palette-337-color);text-decoration-line:none;}.vcex-navbar.vcex_69de7be351f3e a.vcex-navbar-link:hover{text-decoration-line:none;}.vcex-navbar.vcex_69de7be351f3e{font-size:var(--wpex-text-base);}<\/style><nav class=\"vcex-navbar vcex-navbar--list vcex-module vcex-navbar-sticky wpex-transition-opacity wpex-duration-300 vcex-navbar-sticky-offset wpex-ls-offset vc_custom_1762246260428 vcex_69de7be351f3e\"><div class=\"vcex-navbar-inner wpex-flex wpex-flex-wrap wpex-flex-col wpex-items-start wpex-gap-y-5 visible-desktop\"><div class=\"vcex-navbar-list-item wpex-list-item wpex-clear\"><a href=\"https:\/\/inkfusion.es\/desarrollo\/metagestion\/aviso-legal\/\" class=\"vcex-navbar-link vcex-navbar-link--528 wpex-block theme-txt-link list wpex-font-normal wpex-text-1em\"><span class=\"vcex-navbar-link-text\">Aviso Legal<\/span><\/a><\/div><div class=\"vcex-navbar-list-item wpex-list-item wpex-clear\"><a href=\"https:\/\/inkfusion.es\/desarrollo\/metagestion\/politica-de-privacidad\/\" class=\"vcex-navbar-link vcex-navbar-link--542 wpex-block theme-txt-link list wpex-font-normal wpex-text-1em\"><span class=\"vcex-navbar-link-text\">Pol\u00edtica de Privacidad<\/span><\/a><\/div><div class=\"vcex-navbar-list-item wpex-list-item wpex-clear\"><a href=\"https:\/\/inkfusion.es\/desarrollo\/metagestion\/politica-de-cookies\/\" class=\"vcex-navbar-link vcex-navbar-link--550 wpex-block theme-txt-link list wpex-font-normal wpex-text-1em\"><span class=\"vcex-navbar-link-text\">Pol\u00edtica de Cookies<\/span><\/a><\/div><div class=\"vcex-navbar-list-item wpex-list-item wpex-clear\"><a href=\"https:\/\/inkfusion.es\/desarrollo\/metagestion\/sostenibilidad\/\" class=\"vcex-navbar-link vcex-navbar-link--553 wpex-block theme-txt-link list wpex-font-normal wpex-text-1em\"><span class=\"vcex-navbar-link-text\">Sostenibilidad<\/span><\/a><\/div><div class=\"vcex-navbar-list-item wpex-list-item wpex-clear\"><a href=\"https:\/\/inkfusion.es\/desarrollo\/metagestion\/documentacion-y-contratos\/\" class=\"vcex-navbar-link vcex-navbar-link--557 wpex-block theme-txt-link list wpex-font-normal wpex-text-1em\"><span class=\"vcex-navbar-link-text\">Documentaci\u00f3n y Contratos<\/span><\/a><\/div><div class=\"vcex-navbar-list-item wpex-list-item wpex-clear\"><a href=\"https:\/\/inkfusion.es\/desarrollo\/metagestion\/atencion-al-cliente\/\" class=\"vcex-navbar-link vcex-navbar-link--587 wpex-block theme-txt-link list wpex-font-normal wpex-text-1em\"><span class=\"vcex-navbar-link-text\">Atenci\u00f3n al Cliente<\/span><\/a><\/div><div class=\"vcex-navbar-list-item wpex-list-item wpex-clear\"><a href=\"https:\/\/inkfusion.es\/desarrollo\/metagestion\/canal-de-denuncias\/\" class=\"vcex-navbar-link vcex-navbar-link--597 wpex-block theme-txt-link list wpex-font-normal wpex-text-1em\"><span class=\"vcex-navbar-link-text\">Canal de Denuncias<\/span><\/a><\/div><\/div><div class=\"vcex-navbar-mobile-select hidden-desktop wpex-select-wrap\"><select autocomplete=\"off\"><option>Aviso Legal<\/option><option>Pol\u00edtica de Privacidad<\/option><option>Pol\u00edtica de Cookies<\/option><option>Sostenibilidad<\/option><option>Documentaci\u00f3n y Contratos<\/option><option>Atenci\u00f3n al Cliente<\/option><option>Canal de Denuncias<\/option><\/select><div class=\"wpex-select-arrow\"><span class=\"wpex-select-arrow__icon wpex-icon--sm wpex-flex wpex-icon\" aria-hidden=\"true\"><svg viewBox=\"0 0 24 24\" xmlns=\"http:\/\/www.w3.org\/2000\/svg\"><rect fill=\"none\" height=\"24\" width=\"24\"\/><g transform=\"matrix(0, -1, 1, 0, -0.115, 23.885)\"><polygon points=\"17.77,3.77 16,2 6,12 16,22 17.77,20.23 9.54,12\"\/><\/g><\/svg><\/span><\/div><\/div><\/nav>[\/vc_column][vc_column width=\u00bb2\/3&#8243;][vc_column_text css=\u00bb\u00bb]\n<h3>\u00bfQU\u00c9 SON LAS COOKIES?<\/h3>\n<p>Las cookies son peque\u00f1os archivos que algunas plataformas, como las p\u00e1ginas web, pueden instalar en su ordenador, smartphone, tableta o televisi\u00f3n conectada, al acceder a las mismas. Sus funciones pueden ser variadas: almacenar sus preferencias de navegaci\u00f3n, recopilar informaci\u00f3n estad\u00edstica, permitir ciertas funcionalidades t\u00e9cnicas, almacenar y recuperar informaci\u00f3n sobre los h\u00e1bitos de navegaci\u00f3n o preferencias de un usuario o de su equipo, a veces dependiendo de la informaci\u00f3n que contengan y de c\u00f3mo utilice su equipo, de poder reconocerlo. Una cookie se almacena en un ordenador para personalizar y facilitar al m\u00e1ximo la navegaci\u00f3n del usuario. Las cookies se asocian \u00fanicamente a un usuario y su ordenador y no proporcionan referencias que permitan deducir datos personales del usuario. El usuario podr\u00e1 configurar su navegador para que notifique o rechace la instalaci\u00f3n de las cookies enviadas por el sitio web.<\/p>\n<h3>\u00bfQU\u00c9 TIPOS DE COOKIES UTILIZA ESTE SITIO?<\/h3>\n<p>Metagesti\u00f3n utiliza cookies propias persistentes con fines t\u00e9cnicos y de personalizaci\u00f3n (permiten al usuario acceder a la web con algunas caracter\u00edsticas de car\u00e1cter general predefinidas como, por ejemplo, el idioma seleccionado) as\u00ed como cookies de terceros, de sesi\u00f3n y persistentes con fines anal\u00edticos y publicitarios.<\/p>\n<p>Si lo desea, el usuario puede desactivar y\/o eliminar las cookies que empleamos en el banner que aparece cuando usted accede a nuestra web. Tambi\u00e9n puede configurar su navegador de Internet para permitir, prohibir o regular el uso de las cookies. En todo caso, te informamos que en esos casos puede que, dependiendo de la configuraci\u00f3n escogida, la capacidad de utilizar algunas funcionalidades del sitio web se vea mermada sensiblemente y no sea compatible con sus necesidades.<\/p>\n<p>Si el usuario deshabilita este tipo de cookies a trav\u00e9s de las preferencias de su navegador, no ser\u00e1 posible continuar con la navegaci\u00f3n.<\/p>\n<p>A continuaci\u00f3n, te explicamos con mayor detalle qu\u00e9 tipo de cookies que empleamos en el Sitio web seg\u00fan sus finalidades y su titularidad:<\/p>\n<p><strong>Cookies t\u00e9cnicas\/necesarias:<\/strong> Son necesarias para permitir la utilizaci\u00f3n de diferentes servicios del Sitio Web. Si el usuario deshabilita este tipo de cookies a trav\u00e9s de las preferencias de su navegador, no ser\u00e1 posible continuar con la navegaci\u00f3n.<\/p>\n<p><strong>Cookies anal\u00edticas:<\/strong> Son utilizadas para recabar estad\u00edsticas de actividad del usuario. Entre otros, se analizan el n\u00famero de usuarios que visitan el Sitio Web, el n\u00famero de p\u00e1ginas visitadas, as\u00ed como la actividad de los usuarios en el Sitio Web y su frecuencia de utilizaci\u00f3n. La informaci\u00f3n recopilada siempre es an\u00f3nima de tal forma que no se podr\u00e1 establecer un v\u00ednculo entre \u00e9sta y la persona f\u00edsica a qui\u00e9n se refiere.<\/p>\n<p><strong>Cookies publicitarias:<\/strong> Son las cookies que permiten mostrar publicidad de forma personalizada al usuario, tanto dentro como fuera de nuestra p\u00e1gina web a lo largo de su navegaci\u00f3n.<\/p>\n<p><strong>Otras:<\/strong> Utilizamos estas cookies para que el uso de nuestra p\u00e1gina web sea a\u00fan m\u00e1s c\u00f3modo para usted.<\/p>\n<h3>USO DE COOKIES POR METAGESTI\u00d3N<\/h3>\n<p>Al visitar nuestro Sitio Web, recopilamos informaci\u00f3n est\u00e1ndar de Internet, as\u00ed como detalles sobre patrones de comportamiento de los visitantes. Esta informaci\u00f3n no contiene en ning\u00fan caso datos de car\u00e1cter personal, ni se asocia con otra informaci\u00f3n que permita identificar al usuario. Si se necesita informaci\u00f3n personal, se le solicitar\u00eda expl\u00edcitamente.<\/p>\n<h3>COOKIES DE TERCEROS<\/h3>\n<p>Las cookies de terceros que utilizamos en nuestro Sitio Web pertenecen a Facebook y a Google. Ambas est\u00e1n situadas en EE. UU por lo que sus tratamientos de datos suponen una transferencia internacional de datos a un pa\u00eds que no tiene un nivel de protecci\u00f3n equiparable al europeo. Ahora bien, ambas entidades cumplen con las garant\u00edas adecuadas recogidas en el Reglamento General de Protecci\u00f3n de Datos. En concreto, Facebook cuenta con cl\u00e1usulas modales tipo a las que puede acceder en este enlace donde el importador de los datos se obliga a tratar los mismos conforme a los requisitos contractuales:<br \/>\n<a href=\"https:\/\/www.facebook.com\/help\/566994660333381?ref=dp.\" target=\"_blank\" rel=\"noopener\">https:\/\/www.facebook.com\/help\/566994660333381?ref=dp.<\/a><\/p>\n<p>En el caso de Google, seg\u00fan la informaci\u00f3n que proporciona la compa\u00f1\u00eda est\u00e1 adherida al Marco de Privacidad UE-EE. UU \u201cData Privacy Framework\u201d (DPF). A trav\u00e9s de este enlace se puede acceder al detalle de los principios y obligaciones asumidas por Google en base a la adhesi\u00f3n a este DPF:<br \/>\n<a href=\"https:\/\/www.dataprivacyframework.gov\/s\/participant-search\/participant-detail?id=a2zt000000001L5AAI&amp;status=Active0000001L5AAI&amp;status=Active&amp;hl=en_US.\" target=\"_blank\" rel=\"noopener\">https:\/\/www.dataprivacyframework.gov\/s\/participant-search\/participant-detail?id=a2zt000000001L5AAI&amp;status=Active0000001L5AAI&amp;status=Active&amp;hl=en_US.<\/a><\/p>\n<p>Por otro lado, desde agosto del 2020 Google tambi\u00e9n cuenta con garant\u00edas adecuadas para las transferencias internacionales de datos basadas en las cl\u00e1usulas contractuales tipo adoptadas por la Comisi\u00f3n Europea, as\u00ed como medidas reforzadas tambi\u00e9n siguiendo las recomendaciones del Comit\u00e9 Europeo de Protecci\u00f3n de Datos. Si quiere conocer en detalle los distintos documentos, as\u00ed como las medidas reforzadas puede acceder al siguiente enlace:<br \/>\n<a href=\"https:\/\/services.google.com\/fh\/files\/misc\/safeguards_for_international_data_transfers.pdf.\" target=\"_blank\" rel=\"noopener\">https:\/\/services.google.com\/fh\/files\/misc\/safeguards_for_international_data_transfers.pdf.<\/a><\/p>\n<h3>PLAZO DE CONSERVACI\u00d3N<\/h3>\n<p>En el caso de las cookies se podr\u00e1n tratar los datos mientras mantenga su consentimiento y por el periodo de la duraci\u00f3n de la instalaci\u00f3n de las cookies.<\/p>\n<h3>CONTROL DE COOKIES<\/h3>\n<p>Puede consultar, borrar, limitar el uso, desactivar la utilizaci\u00f3n de cookies, o recibir una advertencia en el momento que van a ser generadas, En funci\u00f3n del tipo de navegador que el usuario utilice, el procedimiento para la revocaci\u00f3n y eliminaci\u00f3n de las cookies ser\u00e1 alguno de los siguientes:<\/p>\n<ul>\n<li>Firefox: http:\/\/support.mozilla.org\/es\/home<\/li>\n<li>Internet Explorer: http:\/\/support.microsoft.com\/ph\/807\/es-es<\/li>\n<li>Safari: http:\/\/support.apple.com\/kb\/HT1677?viewlocale=es_ES<\/li>\n<li>Opera: http:\/\/help.opera.com\/Windows\/8.54\/es-ES\/index.html<\/li>\n<li>Google Chrome: https:\/\/support.google.com\/chrome\/answer\/95647?hl=es<\/li>\n<\/ul>\n<h3>PRIVACIDAD<\/h3>\n<p>El usuario puede ejercer sus derechos de acceso, rectificaci\u00f3n, supresi\u00f3n, portabilidad, oposici\u00f3n, limitaci\u00f3n al tratamiento o a no ser objeto de decisiones automatizadas por parte del responsable del tratamiento a trav\u00e9s de la direcci\u00f3n electr\u00f3nica: dpd@metagestion.com<\/p>\n<p>Para el ejercicio de derechos frente a Google o Facebook, el usuario puede remitirse a lo previsto en sus pol\u00edticas de privacidad.<br \/>\n<a href=\"https:\/\/policies.google.com\/privacy?hl=en-US\" target=\"_blank\" rel=\"noopener\">https:\/\/policies.google.com\/privacy?hl=en-US<\/a> y <a href=\"https:\/\/www.facebook.com\/policy.php\" target=\"_blank\" rel=\"noopener\">https:\/\/www.facebook.com\/policy.php<\/a><\/p>\n<p>Adem\u00e1s, puede dirigir una reclamaci\u00f3n ante la Agencia Espa\u00f1ola de Protecci\u00f3n de Datos en caso de que considere que no se ha realizado un tratamiento correcto de sus datos o hemos vulnerado alguno de sus derechos.<br \/>\n<a href=\"https:\/\/www.aepd.es\" target=\"_blank\" rel=\"noopener\">https:\/\/www.aepd.es<\/a><\/p>\n<p>Para m\u00e1s informaci\u00f3n sobre el tratamiento de los datos personales de los usuarios puede consultar nuestra <a href=\"https:\/\/inkfusion.es\/desarrollo\/metagestion\/politica-de-privacidad\/\">Pol\u00edtica de Privacidad<\/a> Web.<\/p>\n<h3>NOTAS ADICIONALES<\/h3>\n<p>Los navegadores web son las herramientas encargadas de almacenar las cookies y desde este lugar debe efectuar su derecho a eliminaci\u00f3n o desactivaci\u00f3n de estas. Ni esta web ni sus representantes legales pueden garantizar la correcta o incorrecta manipulaci\u00f3n de las cookies por parte de los mencionados navegadores.<\/p>\n<p>En algunos casos es necesario instalar cookies para que el navegador no olvide su decisi\u00f3n de no aceptaci\u00f3n de estas.<\/p>\n<h3>ACTUALIZACI\u00d3N DE LA POL\u00cdTICA DE COOKIES<\/h3>\n<p>Si el usuario no acepta las cookies o las rechaza posteriormente las funcionalidades del Sitio Web podr\u00e1n verse mermadas. Esta Pol\u00edtica de cookies puede ir variando en funci\u00f3n de las cookies que se utilicen. En caso de que Metagesti\u00f3n, modifique su Pol\u00edtica de cookies, publicar\u00e1 una notificaci\u00f3n en el Sitio Web para que Usted pueda tener conocimiento de cualquier cambio en el tipo de datos que se recogen. Sin perjuicio de lo anterior, se recomienda visitar esta Pol\u00edtica de cookies con regularidad con el fin de estar informado de cualquier salvedad al respecto.<\/p>\n<h3>CONTACTO<\/h3>\n<p>Por \u00faltimo y en caso de que tenga alg\u00fan problema relacionado con el uso de las cookies en este Sitio Web, puede contactarnos a trav\u00e9s de la siguiente direcci\u00f3n de correo electr\u00f3nico dpd@metagestion.com.<\/p>\n<p>Esta p\u00e1gina web usa cookies.<\/p>\n<p>Utilizamos cookies propias y de terceros, de sesi\u00f3n y persistentes, con fines anal\u00edticos y publicitarios, adem\u00e1s de para garantizar el correcto funcionamiento de la web. A continuaci\u00f3n podr\u00e1 seleccionar las cookies que desea autorizar. M\u00e1s informaci\u00f3n sobre nuestras cookies en Pol\u00edtica de Cookies<\/p>\n<p>Al visitar nuestro Sitio Web, recopilamos informaci\u00f3n est\u00e1ndar de Internet, as\u00ed como detalles sobre patrones de comportamiento de los visitantes. Esta informaci\u00f3n no contiene en ning\u00fan caso datos de car\u00e1cter personal, ni se asocia con otra informaci\u00f3n que permita identificar al usuario. Si se necesita informaci\u00f3n personal, se le solicitar\u00eda expl\u00edcitamente.<\/p>\n<p>Su consentimiento se aplica a los siguientes dominios: www.metagestion.com[\/vc_column_text][\/vc_column][\/vc_row][vc_row remove_bottom_col_margin=\u00bbtrue\u00bb][vc_column]<div class=\"wpex-template-shortcode\"><div class=\"vc_row wpb_row vc_row-fluid wpex-relative wpex-vc_row-col-mb-0\"><div class=\"wpb_column vc_column_container vc_col-sm-12\"><div class=\"vc_column-inner\"><div class=\"wpb_wrapper\"><div class=\"vcex-spacing wpex-w-100 wpex-clear\" style=\"height:clamp(60px, 7vmax, 120px);\"><\/div><\/div><\/div><\/div><\/div>\n<\/div>[\/vc_column][\/vc_row]\n<\/div>","protected":false},"excerpt":{"rendered":"Pol\u00edtica de CookiesAviso LegalPol\u00edtica de PrivacidadPol\u00edtica de CookiesSostenibilidadDocumentaci\u00f3n y ContratosAtenci\u00f3n al ClienteCanal de DenunciasAviso LegalPol\u00edtica de PrivacidadPol\u00edtica de CookiesSostenibilidadDocumentaci\u00f3n y ContratosAtenci\u00f3n al ClienteCanal de Denuncias \u00bfQU\u00c9 SON LAS COOKIES? Las cookies son peque\u00f1os archivos que algunas plataformas, como las p\u00e1ginas web, pueden instalar en su ordenador, smartphone, tableta o televisi\u00f3n conectada, al acceder a las&hellip;","protected":false},"author":1,"featured_media":0,"parent":0,"menu_order":0,"comment_status":"closed","ping_status":"closed","template":"","meta":{"_acf_changed":false,"footnotes":""},"class_list":["post-550","page","type-page","status-publish","hentry","entry","no-media"],"acf":[],"_links":{"self":[{"href":"https:\/\/inkfusion.es\/desarrollo\/metagestion\/wp-json\/wp\/v2\/pages\/550","targetHints":{"allow":["GET"]}}],"collection":[{"href":"https:\/\/inkfusion.es\/desarrollo\/metagestion\/wp-json\/wp\/v2\/pages"}],"about":[{"href":"https:\/\/inkfusion.es\/desarrollo\/metagestion\/wp-json\/wp\/v2\/types\/page"}],"author":[{"embeddable":true,"href":"https:\/\/inkfusion.es\/desarrollo\/metagestion\/wp-json\/wp\/v2\/users\/1"}],"replies":[{"embeddable":true,"href":"https:\/\/inkfusion.es\/desarrollo\/metagestion\/wp-json\/wp\/v2\/comments?post=550"}],"version-history":[{"count":2,"href":"https:\/\/inkfusion.es\/desarrollo\/metagestion\/wp-json\/wp\/v2\/pages\/550\/revisions"}],"predecessor-version":[{"id":608,"href":"https:\/\/inkfusion.es\/desarrollo\/metagestion\/wp-json\/wp\/v2\/pages\/550\/revisions\/608"}],"wp:attachment":[{"href":"https:\/\/inkfusion.es\/desarrollo\/metagestion\/wp-json\/wp\/v2\/media?parent=550"}],"curies":[{"name":"wp","href":"https:\/\/api.w.org\/{rel}","templated":true}]}}