{"id":542,"date":"2025-11-03T18:13:38","date_gmt":"2025-11-03T17:13:38","guid":{"rendered":"https:\/\/inkfusion.es\/desarrollo\/metagestion\/?page_id=542"},"modified":"2025-11-04T09:51:38","modified_gmt":"2025-11-04T08:51:38","slug":"politica-de-privacidad","status":"publish","type":"page","link":"https:\/\/inkfusion.es\/desarrollo\/metagestion\/politica-de-privacidad\/","title":{"rendered":"Pol\u00edtica de Privacidad"},"content":{"rendered":"<div class=\"wpb-content-wrapper\">[vc_row remove_bottom_col_margin=\u00bbtrue\u00bb][vc_column]<div class=\"wpex-template-shortcode\"><div class=\"vc_row wpb_row vc_row-fluid wpex-relative wpex-vc_row-col-mb-0\"><div class=\"wpb_column vc_column_container vc_col-sm-12\"><div class=\"vc_column-inner\"><div class=\"wpb_wrapper\"><div class=\"vcex-spacing wpex-w-100 wpex-clear\" style=\"height:clamp(60px, 7vmax, 120px);\"><\/div><\/div><\/div><\/div><\/div>\n<\/div>[\/vc_column][\/vc_row][vc_row][vc_column width=\u00bb1\/3&#8243;]<style>.vcex-heading.vcex_69de8242e1c4f{color:var(--wpex-palette-336-color);font-size:var(--wpex-text-4xl);font-weight:600;}<\/style><h1 class=\"vcex-heading vcex-heading-plain vcex-module wpex-heading wpex-text-2xl wpex-text-left vcex_69de8242e1c4f\"><span class=\"vcex-heading-inner wpex-inline-block\">Pol\u00edtica de Privacidad<\/span><\/h1><div class=\"vcex-module vcex-divider vcex-divider-dotted vcex-divider-center wpex-mx-auto wpex-block wpex-h-0\" style=\"margin-inline-end:10px;margin-block:10px;\"><\/div><style>.vcex-navbar.vcex_69de8242e3be0 a.vcex-navbar-link{color:var(--wpex-palette-336-color);text-decoration-line:none;text-transform:uppercase;}.vcex-navbar.vcex_69de8242e3be0 a.vcex-navbar-link:is(:hover,.active){color:var(--wpex-palette-337-color);}.vcex-navbar.vcex_69de8242e3be0 a.vcex-navbar-link:is(:active,.active){color:var(--wpex-palette-337-color);text-decoration-line:none;}.vcex-navbar.vcex_69de8242e3be0 a.vcex-navbar-link:hover{text-decoration-line:none;}.vcex-navbar.vcex_69de8242e3be0{font-size:var(--wpex-text-base);}<\/style><nav class=\"vcex-navbar vcex-navbar--list vcex-module vcex-navbar-sticky wpex-transition-opacity wpex-duration-300 vcex-navbar-sticky-offset wpex-ls-offset vc_custom_1762246295217 vcex_69de8242e3be0\"><div class=\"vcex-navbar-inner wpex-flex wpex-flex-wrap wpex-flex-col wpex-items-start wpex-gap-y-5 visible-desktop\"><div class=\"vcex-navbar-list-item wpex-list-item wpex-clear\"><a href=\"https:\/\/inkfusion.es\/desarrollo\/metagestion\/aviso-legal\/\" class=\"vcex-navbar-link vcex-navbar-link--528 wpex-block theme-txt-link list wpex-font-normal wpex-text-1em\"><span class=\"vcex-navbar-link-text\">Aviso Legal<\/span><\/a><\/div><div class=\"vcex-navbar-list-item wpex-list-item wpex-clear\"><a href=\"https:\/\/inkfusion.es\/desarrollo\/metagestion\/politica-de-privacidad\/\" class=\"vcex-navbar-link vcex-navbar-link--542 wpex-block theme-txt-link list wpex-font-normal wpex-text-1em\"><span class=\"vcex-navbar-link-text\">Pol\u00edtica de Privacidad<\/span><\/a><\/div><div class=\"vcex-navbar-list-item wpex-list-item wpex-clear\"><a href=\"https:\/\/inkfusion.es\/desarrollo\/metagestion\/politica-de-cookies\/\" class=\"vcex-navbar-link vcex-navbar-link--550 wpex-block theme-txt-link list wpex-font-normal wpex-text-1em\"><span class=\"vcex-navbar-link-text\">Pol\u00edtica de Cookies<\/span><\/a><\/div><div class=\"vcex-navbar-list-item wpex-list-item wpex-clear\"><a href=\"https:\/\/inkfusion.es\/desarrollo\/metagestion\/sostenibilidad\/\" class=\"vcex-navbar-link vcex-navbar-link--553 wpex-block theme-txt-link list wpex-font-normal wpex-text-1em\"><span class=\"vcex-navbar-link-text\">Sostenibilidad<\/span><\/a><\/div><div class=\"vcex-navbar-list-item wpex-list-item wpex-clear\"><a href=\"https:\/\/inkfusion.es\/desarrollo\/metagestion\/documentacion-y-contratos\/\" class=\"vcex-navbar-link vcex-navbar-link--557 wpex-block theme-txt-link list wpex-font-normal wpex-text-1em\"><span class=\"vcex-navbar-link-text\">Documentaci\u00f3n y Contratos<\/span><\/a><\/div><div class=\"vcex-navbar-list-item wpex-list-item wpex-clear\"><a href=\"https:\/\/inkfusion.es\/desarrollo\/metagestion\/atencion-al-cliente\/\" class=\"vcex-navbar-link vcex-navbar-link--587 wpex-block theme-txt-link list wpex-font-normal wpex-text-1em\"><span class=\"vcex-navbar-link-text\">Atenci\u00f3n al Cliente<\/span><\/a><\/div><div class=\"vcex-navbar-list-item wpex-list-item wpex-clear\"><a href=\"https:\/\/inkfusion.es\/desarrollo\/metagestion\/canal-de-denuncias\/\" class=\"vcex-navbar-link vcex-navbar-link--597 wpex-block theme-txt-link list wpex-font-normal wpex-text-1em\"><span class=\"vcex-navbar-link-text\">Canal de Denuncias<\/span><\/a><\/div><\/div><div class=\"vcex-navbar-mobile-select hidden-desktop wpex-select-wrap\"><select autocomplete=\"off\"><option>Aviso Legal<\/option><option>Pol\u00edtica de Privacidad<\/option><option>Pol\u00edtica de Cookies<\/option><option>Sostenibilidad<\/option><option>Documentaci\u00f3n y Contratos<\/option><option>Atenci\u00f3n al Cliente<\/option><option>Canal de Denuncias<\/option><\/select><div class=\"wpex-select-arrow\"><span class=\"wpex-select-arrow__icon wpex-icon--sm wpex-flex wpex-icon\" aria-hidden=\"true\"><svg viewBox=\"0 0 24 24\" xmlns=\"http:\/\/www.w3.org\/2000\/svg\"><rect fill=\"none\" height=\"24\" width=\"24\"\/><g transform=\"matrix(0, -1, 1, 0, -0.115, 23.885)\"><polygon points=\"17.77,3.77 16,2 6,12 16,22 17.77,20.23 9.54,12\"\/><\/g><\/svg><\/span><\/div><\/div><\/nav>[\/vc_column][vc_column width=\u00bb2\/3&#8243;][vc_column_text css=\u00bb\u00bb]\n<h3>RESPONSABLE DE TRATAMIENTO<\/h3>\n<p>El responsable de tratamiento es Metagesti\u00f3n SGIIC, SAU (en adelante, Metagesti\u00f3n) con domicilio en C\/Orense, 20, 1\u00aa Planta, Oficina 13, 28020 Madrid.<\/p>\n<p>Metagesti\u00f3n cuenta con un Delegado de Protecci\u00f3n de Datos que velar\u00e1 por el cumplimiento de la entidad en materia de protecci\u00f3n de datos. Podr\u00e1 ponerse en contacto con el cu\u00e1ndo lo estime necesario a trav\u00e9s de la direcci\u00f3n postal mencionada anteriormente o a trav\u00e9s de la direcci\u00f3n de correo <a href=\"mailto:dpd@metagestion.com\" target=\"_blank\" rel=\"noopener\">dpd@metagestion.com<\/a>.<\/p>\n<h3>\u00bfQU\u00c9 TIPO DE DATOS TRATAMOS A TRAV\u00c9S DE LA P\u00c1GINA WEB Y C\u00d3MO LOS HEMOS OBTENIDO?<\/h3>\n<p>Las categor\u00edas de datos personales que se pueden obtener a trav\u00e9s de la p\u00e1gina web son los siguientes:<\/p>\n<ul>\n<li>Datos de identificaci\u00f3n<\/li>\n<li>Direcciones postales o electr\u00f3nicas<\/li>\n<li>Informaci\u00f3n comercial<\/li>\n<li>Datos econ\u00f3micos y de transacciones<\/li>\n<\/ul>\n<p>En ning\u00fan caso trataremos datos especialmente protegidos. Todos los datos arriba mencionados los hemos obtenido directamente de Ud. Es responsabilidad suya o de su empresa facilitarnos los datos actualizados.<\/p>\n<h3>\u00bfCON QU\u00c9 FINALIDADES TRATAMOS SUS DATOS?<\/h3>\n<p>Trataremos sus datos personales para las siguientes finalidades:<\/p>\n<ul>\n<li>A trav\u00e9s de los distintos formularios de contacto, Metagesti\u00f3n tratar\u00e1 sus datos personales \u00fanicamente para dar curso a su solicitud y poder ponerse en contacto con usted en respuesta a su petici\u00f3n. Este tratamiento tiene su base de legitimaci\u00f3n en el consentimiento que usted traslada en su propia solicitud.<\/li>\n<li>A trav\u00e9s del formulario de inversi\u00f3n, Metagesti\u00f3n tratar\u00e1 sus datos personales con el fin de llevar a cabo su petici\u00f3n, as\u00ed como conocer el tipo de inversor que es usted. Los datos personales que pueden llegar a tratarse son los necesarios para conocer la calificaci\u00f3n del tipo de inversor, as\u00ed como los derivados del Test de conveniencia. La base de legitimaci\u00f3n que sustenta dicho tratamiento es su propia solicitud de inversi\u00f3n, as\u00ed como la gesti\u00f3n de medidas previa de contrataci\u00f3n. Tras el env\u00edo del formulario, Metagesti\u00f3n se pondr\u00e1 en contacto con usted.<\/li>\n<li>En el caso de que usted consienta a trav\u00e9s de la casilla habilitada al efecto en los propios formularios de obtenci\u00f3n de datos, Metagesti\u00f3n est\u00e1 legitimada para poder remitirle tanto por medios ordinarios como electr\u00f3nicos, informaci\u00f3n sobre productos de inversi\u00f3n propios de Metagesti\u00f3n as\u00ed como de terceros. En este sentido, de acuerdo con lo dispuesto en la Ley 34\/2002, de 11 de julio de Servicios de la Sociedad de la Informaci\u00f3n y de Comercio Electr\u00f3nico, nos comprometemos a no enviar publicidad a trav\u00e9s del correo electr\u00f3nico sin haber recabado antes su expresa autorizaci\u00f3n.<\/li>\n<li>Asimismo, Metagesti\u00f3n trata los datos personales de sus cookies. Las cookies almacenan informaci\u00f3n de car\u00e1cter t\u00e9cnico, preferencias personales, personalizaci\u00f3n de contenidos, estad\u00edsticas de uso, enlaces de redes sociales, etc. En la pol\u00edtica de cookies de Metagesti\u00f3n podr\u00e1 conocer los detalles que las Cookies pueden llegar a tratar, as\u00ed como la manera que usted puede configurarlas y controlar dicho tratamiento.<\/li>\n<\/ul>\n<h3>\u00bfPOR CU\u00c1NTO TIEMPO CONSERVAREMOS SUS DATOS?<\/h3>\n<p>Los datos personales obtenidos a trav\u00e9s de los mencionados formularios ser\u00e1n conservados el tiempo necesario para resolver su petici\u00f3n, y en todo caso, en un plazo no superior a un (1) a\u00f1os. Metagesti\u00f3n proceder\u00e1 a la supresi\u00f3n de dichos datos una vez transcurrido ese tiempo, sin perjuicio de aquellos supuestos en los que finalmente se contrate alg\u00fan producto con Metagesti\u00f3n cuyo plazo de conservaci\u00f3n ser\u00e1 el necesario para poder cumplir con las obligaciones legales, diez a\u00f1os a contar desde la finalizaci\u00f3n de la relaci\u00f3n contractual.<\/p>\n<h3>\u00bfA QU\u00c9 DESTINATARIOS SE COMUNICAR\u00c1N LOS DATOS?<\/h3>\n<p>Le informamos que podemos facilitar sus datos personales a organismos de la Administraci\u00f3n P\u00fablica y Autoridades competentes en aquellos casos en que nos requieran legalmente o en los casos en que, actuando de buena fe, consideremos que tal acci\u00f3n es razonablemente necesaria para cumplir con un proceso judicial; para contestar cualquier reclamaci\u00f3n o demanda jur\u00eddica; o para proteger los derechos de la empresa o sus clientes y el p\u00fablico en general.<\/p>\n<p>Por otro lado, Metagesti\u00f3n. cuenta con terceros proveedores de servicios que pueden acceder a datos personales con motivo de la prestaci\u00f3n de sus servicios, tales como proveedores de servicios de Internet que nos ayudan a administrar nuestra p\u00e1gina web o llevar a cabo los servicios contratados, empresas de soporte y mantenimiento inform\u00e1tico, empresas de log\u00edstica, gestor\u00edas y asesoramiento fiscal y contable, auditores, expertos externos, abogados, servicios de consultor\u00eda, asesores, servicios de financiaci\u00f3n, consejeros, potenciales compradores o inversores, servicios administrativos y destrucci\u00f3n de documentaci\u00f3n, entre otros.<\/p>\n<p>En cualquier caso, Metagesti\u00f3n preselecciona a dichos proveedores en base a criterios de cumplimiento en materia de protecci\u00f3n de datos, y tiene suscrito con todos ellos contratos en la materia haciendo todos los esfuerzos por controlar que estos terceros mantengan, en todo momento, los mismos niveles de seguridad que nosotros en relaci\u00f3n a sus datos personales y, cuando sea necesario, estar\u00e1n vinculadas por compromisos legales a fin de guardar sus datos personales de forma privada y segura.<\/p>\n<p>Fuera de los supuestos se\u00f1alados, Metagesti\u00f3n no ceder\u00e1 sus datos personales a terceros excepto en el caso de que nos haya autorizado expresamente a ello.<\/p>\n<h3>\u00bfCU\u00c1LES SON SUS DERECHOS COMO INTERESADO?<\/h3>\n<p>Ud. podr\u00e1, en los t\u00e9rminos establecidos en la normativa sobre protecci\u00f3n de datos, revocar en cualquier momento su consentimiento para la recepci\u00f3n de informaci\u00f3n de productos, as\u00ed como ejercitar los derechos de acceso, rectificaci\u00f3n, oposici\u00f3n, limitaci\u00f3n, supresi\u00f3n, portabilidad y a no ser objeto de decisiones automatizadas dirigi\u00e9ndose por escrito a Metagesti\u00f3n SGIIC, SAU en calle Mar\u00eda de Molina 39, 4\u00baI. Madrid o a trav\u00e9s del correo <a href=\"mailto:dpd@metagestion.com\" target=\"_blank\" rel=\"noopener\">dpd@metagestion.com<\/a>.<\/p>\n<p>Asimismo, Metagesti\u00f3n pone a su disposici\u00f3n al Delegado de Protecci\u00f3n de Datos de la entidad para ayudarle con cualquier cuesti\u00f3n relacionada en la materia y, en su caso, tambi\u00e9n podr\u00e1 dirigirse ante la Agencia Espa\u00f1ola de Protecci\u00f3n de datos, especialmente cuando no haya obtenido satisfacci\u00f3n en el ejercicio de sus derechos. <a href=\"http:\/\/www.aepd.es\/\" target=\"_blank\" rel=\"noopener\">http:\/\/www.aepd.es\/<\/a>[\/vc_column_text][\/vc_column][\/vc_row][vc_row remove_bottom_col_margin=\u00bbtrue\u00bb][vc_column]<div class=\"wpex-template-shortcode\"><div class=\"vc_row wpb_row vc_row-fluid wpex-relative wpex-vc_row-col-mb-0\"><div class=\"wpb_column vc_column_container vc_col-sm-12\"><div class=\"vc_column-inner\"><div class=\"wpb_wrapper\"><div class=\"vcex-spacing wpex-w-100 wpex-clear\" style=\"height:clamp(60px, 7vmax, 120px);\"><\/div><\/div><\/div><\/div><\/div>\n<\/div>[\/vc_column][\/vc_row]\n<\/div>","protected":false},"excerpt":{"rendered":"Pol\u00edtica de PrivacidadAviso LegalPol\u00edtica de PrivacidadPol\u00edtica de CookiesSostenibilidadDocumentaci\u00f3n y ContratosAtenci\u00f3n al ClienteCanal de DenunciasAviso LegalPol\u00edtica de PrivacidadPol\u00edtica de CookiesSostenibilidadDocumentaci\u00f3n y ContratosAtenci\u00f3n al ClienteCanal de Denuncias RESPONSABLE DE TRATAMIENTO El responsable de tratamiento es Metagesti\u00f3n SGIIC, SAU (en adelante, Metagesti\u00f3n) con domicilio en C\/Orense, 20, 1\u00aa Planta, Oficina 13, 28020 Madrid. Metagesti\u00f3n cuenta con un Delegado&hellip;","protected":false},"author":1,"featured_media":0,"parent":0,"menu_order":0,"comment_status":"closed","ping_status":"closed","template":"","meta":{"_acf_changed":false,"footnotes":""},"class_list":["post-542","page","type-page","status-publish","hentry","entry","no-media"],"acf":[],"_links":{"self":[{"href":"https:\/\/inkfusion.es\/desarrollo\/metagestion\/wp-json\/wp\/v2\/pages\/542","targetHints":{"allow":["GET"]}}],"collection":[{"href":"https:\/\/inkfusion.es\/desarrollo\/metagestion\/wp-json\/wp\/v2\/pages"}],"about":[{"href":"https:\/\/inkfusion.es\/desarrollo\/metagestion\/wp-json\/wp\/v2\/types\/page"}],"author":[{"embeddable":true,"href":"https:\/\/inkfusion.es\/desarrollo\/metagestion\/wp-json\/wp\/v2\/users\/1"}],"replies":[{"embeddable":true,"href":"https:\/\/inkfusion.es\/desarrollo\/metagestion\/wp-json\/wp\/v2\/comments?post=542"}],"version-history":[{"count":5,"href":"https:\/\/inkfusion.es\/desarrollo\/metagestion\/wp-json\/wp\/v2\/pages\/542\/revisions"}],"predecessor-version":[{"id":610,"href":"https:\/\/inkfusion.es\/desarrollo\/metagestion\/wp-json\/wp\/v2\/pages\/542\/revisions\/610"}],"wp:attachment":[{"href":"https:\/\/inkfusion.es\/desarrollo\/metagestion\/wp-json\/wp\/v2\/media?parent=542"}],"curies":[{"name":"wp","href":"https:\/\/api.w.org\/{rel}","templated":true}]}}