{"id":528,"date":"2025-11-03T17:59:41","date_gmt":"2025-11-03T16:59:41","guid":{"rendered":"https:\/\/inkfusion.es\/desarrollo\/metagestion\/?page_id=528"},"modified":"2025-11-04T18:50:28","modified_gmt":"2025-11-04T17:50:28","slug":"aviso-legal","status":"publish","type":"page","link":"https:\/\/inkfusion.es\/desarrollo\/metagestion\/aviso-legal\/","title":{"rendered":"Aviso Legal"},"content":{"rendered":"<div class=\"wpb-content-wrapper\">[vc_row remove_bottom_col_margin=\u00bbtrue\u00bb][vc_column]<div class=\"wpex-template-shortcode\"><div class=\"vc_row wpb_row vc_row-fluid wpex-relative wpex-vc_row-col-mb-0\"><div class=\"wpb_column vc_column_container vc_col-sm-12\"><div class=\"vc_column-inner\"><div class=\"wpb_wrapper\"><div class=\"vcex-spacing wpex-w-100 wpex-clear\" style=\"height:clamp(60px, 7vmax, 120px);\"><\/div><\/div><\/div><\/div><\/div>\n<\/div>[\/vc_column][\/vc_row][vc_row][vc_column width=\u00bb1\/3&#8243;]<style>.vcex-heading.vcex_69de81c0bbd06{color:var(--wpex-palette-336-color);font-size:var(--wpex-text-4xl);font-weight:600;}<\/style><h1 class=\"vcex-heading vcex-heading-plain vcex-module wpex-heading wpex-text-2xl wpex-text-left vcex_69de81c0bbd06\"><span class=\"vcex-heading-inner wpex-inline-block\">Aviso Legal<\/span><\/h1><div class=\"vcex-module vcex-divider vcex-divider-dotted vcex-divider-center wpex-mx-auto wpex-block wpex-h-0\" style=\"margin-inline-end:10px;margin-block:10px;\"><\/div><style>.vcex-navbar.vcex_69de81c0bd1b4 a.vcex-navbar-link{color:var(--wpex-palette-336-color);text-decoration-line:none;text-transform:uppercase;}.vcex-navbar.vcex_69de81c0bd1b4 a.vcex-navbar-link:is(:hover,.active){color:var(--wpex-palette-337-color);}.vcex-navbar.vcex_69de81c0bd1b4 a.vcex-navbar-link:is(:active,.active){color:var(--wpex-palette-337-color);text-decoration-line:none;}.vcex-navbar.vcex_69de81c0bd1b4 a.vcex-navbar-link:hover{text-decoration-line:none;}.vcex-navbar.vcex_69de81c0bd1b4{font-size:var(--wpex-text-base);}<\/style><nav class=\"vcex-navbar vcex-navbar--list vcex-module vcex-navbar-sticky wpex-transition-opacity wpex-duration-300 vcex-navbar-sticky-offset wpex-ls-offset vc_custom_1762246321204 vcex_69de81c0bd1b4\"><div class=\"vcex-navbar-inner wpex-flex wpex-flex-wrap wpex-flex-col wpex-items-start wpex-gap-y-5 visible-desktop\"><div class=\"vcex-navbar-list-item wpex-list-item wpex-clear\"><a href=\"https:\/\/inkfusion.es\/desarrollo\/metagestion\/aviso-legal\/\" class=\"vcex-navbar-link vcex-navbar-link--528 wpex-block theme-txt-link list wpex-font-normal wpex-text-1em\"><span class=\"vcex-navbar-link-text\">Aviso Legal<\/span><\/a><\/div><div class=\"vcex-navbar-list-item wpex-list-item wpex-clear\"><a href=\"https:\/\/inkfusion.es\/desarrollo\/metagestion\/politica-de-privacidad\/\" class=\"vcex-navbar-link vcex-navbar-link--542 wpex-block theme-txt-link list wpex-font-normal wpex-text-1em\"><span class=\"vcex-navbar-link-text\">Pol\u00edtica de Privacidad<\/span><\/a><\/div><div class=\"vcex-navbar-list-item wpex-list-item wpex-clear\"><a href=\"https:\/\/inkfusion.es\/desarrollo\/metagestion\/politica-de-cookies\/\" class=\"vcex-navbar-link vcex-navbar-link--550 wpex-block theme-txt-link list wpex-font-normal wpex-text-1em\"><span class=\"vcex-navbar-link-text\">Pol\u00edtica de Cookies<\/span><\/a><\/div><div class=\"vcex-navbar-list-item wpex-list-item wpex-clear\"><a href=\"https:\/\/inkfusion.es\/desarrollo\/metagestion\/sostenibilidad\/\" class=\"vcex-navbar-link vcex-navbar-link--553 wpex-block theme-txt-link list wpex-font-normal wpex-text-1em\"><span class=\"vcex-navbar-link-text\">Sostenibilidad<\/span><\/a><\/div><div class=\"vcex-navbar-list-item wpex-list-item wpex-clear\"><a href=\"https:\/\/inkfusion.es\/desarrollo\/metagestion\/documentacion-y-contratos\/\" class=\"vcex-navbar-link vcex-navbar-link--557 wpex-block theme-txt-link list wpex-font-normal wpex-text-1em\"><span class=\"vcex-navbar-link-text\">Documentaci\u00f3n y Contratos<\/span><\/a><\/div><div class=\"vcex-navbar-list-item wpex-list-item wpex-clear\"><a href=\"https:\/\/inkfusion.es\/desarrollo\/metagestion\/atencion-al-cliente\/\" class=\"vcex-navbar-link vcex-navbar-link--587 wpex-block theme-txt-link list wpex-font-normal wpex-text-1em\"><span class=\"vcex-navbar-link-text\">Atenci\u00f3n al Cliente<\/span><\/a><\/div><div class=\"vcex-navbar-list-item wpex-list-item wpex-clear\"><a href=\"https:\/\/inkfusion.es\/desarrollo\/metagestion\/canal-de-denuncias\/\" class=\"vcex-navbar-link vcex-navbar-link--597 wpex-block theme-txt-link list wpex-font-normal wpex-text-1em\"><span class=\"vcex-navbar-link-text\">Canal de Denuncias<\/span><\/a><\/div><\/div><div class=\"vcex-navbar-mobile-select hidden-desktop wpex-select-wrap\"><select autocomplete=\"off\"><option>Aviso Legal<\/option><option>Pol\u00edtica de Privacidad<\/option><option>Pol\u00edtica de Cookies<\/option><option>Sostenibilidad<\/option><option>Documentaci\u00f3n y Contratos<\/option><option>Atenci\u00f3n al Cliente<\/option><option>Canal de Denuncias<\/option><\/select><div class=\"wpex-select-arrow\"><span class=\"wpex-select-arrow__icon wpex-icon--sm wpex-flex wpex-icon\" aria-hidden=\"true\"><svg viewBox=\"0 0 24 24\" xmlns=\"http:\/\/www.w3.org\/2000\/svg\"><rect fill=\"none\" height=\"24\" width=\"24\"\/><g transform=\"matrix(0, -1, 1, 0, -0.115, 23.885)\"><polygon points=\"17.77,3.77 16,2 6,12 16,22 17.77,20.23 9.54,12\"\/><\/g><\/svg><\/span><\/div><\/div><\/nav>[\/vc_column][vc_column width=\u00bb2\/3&#8243;][vc_column_text css=\u00bb\u00bb]Las presentes Condiciones Generales regulan el uso del Sitio Web de Internet \u201cwww.metagestion.com\u201d y\/o \u201cwww.metagestion.es\u201d (el \u201cSitio Web\u201d) que Metagesti\u00f3n, S.G.I.I.C., S.A.U., (en lo sucesivo, METAGESTI\u00d3N\u201d) ponen a su disposici\u00f3n como usuario (el \u201cUsuario\u201d). La utilizaci\u00f3n del Sitio Web supone la aceptaci\u00f3n plena por el Usuario de todas las Condiciones Generales de Uso del Sitio Web vigentes desde el momento en que el Usuario acceda al mismo. METAGESTI\u00d3N se reserva el derecho de modificar en cualquier momento las presentes Condiciones Generales de Uso del Sitio Web, as\u00ed como cualesquiera otras condiciones generales o particulares, reglamentos de uso, instrucciones o avisos que resulten de aplicaci\u00f3n. Asimismo, METAGESTI\u00d3N se reserva el derecho de suspender, interrumpir o dejar de operar el Sitio Web en cualquier momento.<\/p>\n<p>Los servicios ofrecidos por METAGESTI\u00d3N se dirigen exclusivamente a inversores residentes en Espa\u00f1a. Todas aquellas personas f\u00edsicas o jur\u00eddicas residentes o domiciliadas en otros pa\u00edses de la Uni\u00f3n Europea o fuera de la Uni\u00f3n Europea, deber\u00e1n asegurarse de que el acceso y uso del mismo y\/o de su contenido les est\u00e1 permitido de conformidad con su propia legislaci\u00f3n. El env\u00edo o solicitud de contrataci\u00f3n de cualquiera de los servicios ofrecidos por METAGESTI\u00d3N en el presente Sitio Web por parte de un Usuario que no cumpla con el requisito de residencia en Espa\u00f1a, y que no contrate conforme al procedimiento se\u00f1alado anteriormente, se entender\u00e1 realizado bajo su exclusiva responsabilidad, exonerando a METAGESTI\u00d3N de cualquier responsabilidad al respecto.<\/p>\n<h3>1. ACTIVIDAD<\/h3>\n<p>METAGESTI\u00d3N est\u00e1 presente en el mercado espa\u00f1ol desde 1986. Se encuentra inscrita en el Registro Mercantil al tomo 6.452, Folio 96, Hoja M-105.083, con CIF, n\u00famero A-78210085, y su actividad est\u00e1 autorizada por la Comisi\u00f3n Nacional del Mercado de Valores, inscrita en el Registro de dicha Comisi\u00f3n con el n\u00famero 40. El \u00fanico accionista de la sociedad es Metambiente S.A.<\/p>\n<h3>2. OBJETO<\/h3>\n<p>A trav\u00e9s del Sitio Web, METAGESTI\u00d3N facilita a los Usuarios el acceso a diversos contenidos, informaci\u00f3n y datos (los \u201cContenidos\u201d) puestos a disposici\u00f3n de los Usuarios por METAGESTI\u00d3N o por terceros proveedores de servicios y contenidos. METAGESTI\u00d3N se reserva el derecho de modificar en cualquier momento la presentaci\u00f3n, configuraci\u00f3n y localizaci\u00f3n del Sitio Web, as\u00ed como los Contenidos y las condiciones requeridas para utilizar los mismos.<\/p>\n<h3>3. CONDICIONES DE ACCESO Y UTILIZACI\u00d3N DEL SITIO WEB<\/h3>\n<p><strong>3.1.<\/strong> Acceso y utilizaci\u00f3n del Sitio Web. El Usuario reconoce y acepta que el acceso y uso del Sitio Web y\/o de los Contenidos incluidos en el mismo, tiene lugar libre y conscientemente, bajo su exclusiva responsabilidad. El acceso al Sitio Web y\/o a los Contenidos incluidos en el mismo, no implica ning\u00fan tipo de garant\u00eda respecto a la idoneidad del Sitio Web y\/o de los Contenidos incluidos en el mismo para fines particulares o espec\u00edficos de los Usuarios. METAGESTI\u00d3N podr\u00e1 establecer limitaciones y\/o condiciones adicionales para el uso y\/o acceso al Sitio Web y\/o a los Contenidos, las cuales deber\u00e1n ser observadas por los Usuarios en todo caso.<\/p>\n<p><strong>3.2.<\/strong> Uso del Sitio Web y de los Contenidos. El Usuario se compromete a hacer un uso adecuado y l\u00edcito del Sitio Web y de los Contenidos, de conformidad con la legislaci\u00f3n aplicable, las presentes Condiciones Generales de Uso del Sitio Web, la moral y buenas costumbres generalmente aceptadas y el orden p\u00fablico. El Usuario deber\u00e1 abstenerse de (i) hacer un uso no autorizado o fraudulento del Sitio Web y\/o de los Contenidos; (ii) acceder o intentar acceder a recursos o \u00e1reas restringidas del Sitio Web, sin cumplir las condiciones exigidas para dicho acceso; (iii) utilizar el Sitio Web y\/o los Contenidos con fines o efectos il\u00edcitos, ilegales, contrarios a lo establecido en las presentes Condiciones Generales, a la buena fe y al orden p\u00fablico, lesivos de los derechos e intereses de terceros, o que de cualquier forma puedan da\u00f1ar, inutilizar o sobrecargar el Sitio Web o impedir la normal utilizaci\u00f3n o disfrute del Sitio Web; (iv) provocar da\u00f1os en los sistemas f\u00edsicos o l\u00f3gicos de METAGESTI\u00d3N, de sus proveedores o de terceros; (v) introducir o difundir en la red virus inform\u00e1ticos o cualesquiera otros sistemas f\u00edsicos o l\u00f3gicos que sean susceptibles de provocar da\u00f1os en los sistemas f\u00edsicos o l\u00f3gicos de METAGESTI\u00d3N, de sus proveedores o de terceros; (vi) intentar acceder, utilizar y\/o manipular los datos de METAGESTI\u00d3N, terceros proveedores y otros usuarios; (vii) reproducir o copiar, distribuir, permitir el acceso del p\u00fablico a trav\u00e9s de cualquier modalidad de comunicaci\u00f3n p\u00fablica, transformar o modificar los Contenidos, a menos que se cuente con la autorizaci\u00f3n del titular de los correspondientes derechos o ello resulte legalmente permitido; (viii) suprimir, ocultar o manipular las notas sobre derechos de autor y dem\u00e1s datos identificativos de los derechos de METAGESTI\u00d3N o de terceros incorporados a los Contenidos, as\u00ed como los dispositivos t\u00e9cnicos de protecci\u00f3n o cualesquiera mecanismos de informaci\u00f3n que puedan insertarse en los Contenidos; (ix) obtener e intentar obtener los Contenidos empleando para ello medios o procedimientos distintos de los que, seg\u00fan los casos, se hayan puesto a su disposici\u00f3n a este efecto o se hayan indicado expresamente en las p\u00e1ginas web donde se encuentren los Contenidos o, en general, de los que se empleen habitualmente en Internet por no entra\u00f1ar un riesgo de da\u00f1o o inutilizaci\u00f3n del Sitio Web y\/o de los Contenidos.<\/p>\n<p><strong>3.3.<\/strong>\u00a0Introducci\u00f3n de Links. Aquellos Usuarios que deseen establecer un hiperv\u00ednculo o link entre su sitio web y el Sitio Web (el \u201cLink\u201d) deber\u00e1n obtener la autorizaci\u00f3n previa de METAGESTI\u00d3N, presentando una solicitud a la siguiente direcci\u00f3n de correo electr\u00f3nico info@metagestion.com, quedando sujeto al cumplimiento de las siguientes obligaciones: (i) el Link \u00fanicamente permitir\u00e1 el acceso al Sitio Web, pero no podr\u00e1 reproducirlo de ninguna forma; (ii) no se establecer\u00e1n Links con otras p\u00e1ginas distintas de la p\u00e1gina principal (\u201chomepage\u201d) del Sitio Web; (iii) no se crear\u00e1 un frame ni un border environment sobre el Sitio Web; (iv) no se realizar\u00e1n manifestaciones o indicaciones falsas, inexactas o incorrectas sobre el Sitio Web; (v) no se declarar\u00e1 ni dar\u00e1 a entender que METAGESTI\u00d3N ha supervisado o asumido de cualquier forma los contenidos o servicios ofrecidos o anunciados en el sitio web en el que se establece el Link; (vi) el sitio web en el que se establezca el Link no contendr\u00e1 ninguna marca, nombre comercial, r\u00f3tulo de establecimiento, denominaci\u00f3n, logotipo, eslogan u otros signos distintivos pertenecientes a METAGESTI\u00d3N y\/o a terceros, sin su autorizaci\u00f3n; (vii) el sitio web en el que se establezca el Link no contendr\u00e1 informaciones o contenidos il\u00edcitos, contrarios a la moral y buenas costumbres generalmente aceptadas y al orden p\u00fablico, o contrarios a cualesquiera derechos de terceros. El establecimiento del Link no supone en ning\u00fan caso la existencia de relaci\u00f3n alguna entre METAGESTI\u00d3N y el propietario del sitio web en el que se establezca, ni el conocimiento, aceptaci\u00f3n y\/o aprobaci\u00f3n por parte de METAGESTI\u00d3N de sus contenidos y\/o servicios. METAGESTI\u00d3N en ning\u00fan caso responder\u00e1 de las consecuencias que pudieran derivarse de la introducci\u00f3n de Links por parte de terceros, ni de los contenidos, informaci\u00f3n y\/o servicios ofrecidos en los sitios web en los que se haya establecido el Link.<\/p>\n<h3>4. DERECHOS DE PROPIEDAD INDUSTRIAL E INTELECTUAL<\/h3>\n<p>El Usuario reconoce y acepta que todos los derechos de propiedad industrial e intelectual sobre los Contenidos y\/o cualesquiera otros elementos insertados en el Sitio Web (incluyendo sin limitaci\u00f3n, marcas, logotipos, nombres comerciales, textos, im\u00e1genes, gr\u00e1ficos, dise\u00f1os, sonidos, bases de datos, software, diagramas de flujo, presentaci\u00f3n, \u201clook-and-feel\u201d, audio y v\u00eddeo), pertenecen a METAGESTI\u00d3N y\/o a terceros. En ning\u00fan caso el acceso al Sitio Web implica ning\u00fan tipo de renuncia, transmisi\u00f3n o cesi\u00f3n total ni parcial de dichos derechos. Las presentes Condiciones Generales de Uso del Sitio Web no confieren a los Usuarios ning\u00fan otro derecho de utilizaci\u00f3n, alteraci\u00f3n, explotaci\u00f3n, reproducci\u00f3n, distribuci\u00f3n o comunicaci\u00f3n p\u00fablica del Sitio Web y\/o de sus Contenidos distintos de los aqu\u00ed expresamente previstos. Cualquier otro uso o explotaci\u00f3n de cualesquiera derechos estar\u00e1 sujeto a la previa y expresa autorizaci\u00f3n espec\u00edficamente otorgada a tal efecto por METAGESTI\u00d3N o el tercero titular de los derechos afectados.<\/p>\n<p>METAGESTI\u00d3N autoriza a los Usuarios a utilizar, visualizar, imprimir, descargar y almacenar los Contenidos y\/o los elementos insertados en el Sitio Web exclusivamente para su uso personal, privado y no lucrativo; siempre que en todo caso se indique el origen y\/o autor de los mismos y que, en su caso, aparezca el s\u00edmbolo del copyright de sus titulares. Queda terminantemente prohibida la utilizaci\u00f3n de tales elementos, su reproducci\u00f3n, comunicaci\u00f3n y\/o distribuci\u00f3n con fines comerciales o lucrativos, as\u00ed como su modificaci\u00f3n, alteraci\u00f3n, o descompilaci\u00f3n. Para cualquier otro uso distinto de los expresamente permitidos, ser\u00e1 necesario obtener el consentimiento previo por escrito del titular de los derechos de que se trate.<\/p>\n<h3>5. EMPLEO DE TECNOLOG\u00cdA COOKIE<\/h3>\n<p>El Usuario reconoce y acepta que METAGESTI\u00d3N podr\u00e1 utilizar cookies propias y de terceros cuando un Usuario navegue por el Sitio Web. Las cookies de METAGESTI\u00d3N se asocian \u00fanicamente con un Usuario an\u00f3nimo y su ordenador y no proporcionan referencias que permitan deducir datos personales del Usuario. El Usuario podr\u00e1 configurar su navegador para que notifique y rechace la instalaci\u00f3n de las cookies enviadas por METAGESTI\u00d3N, sin que ello perjudique la posibilidad del Usuario de acceder a los Contenidos. Puede obtener m\u00e1s informaci\u00f3n en nuestra Pol\u00edtica de cookies.<\/p>\n<h3>6. EXCLUSI\u00d3N DE GARANT\u00cdAS Y RESPONSABILIDAD<\/h3>\n<p><strong>6.1.<\/strong> Exclusi\u00f3n de garant\u00edas y de responsabilidad por el funcionamiento del Sitio Web. METAGESTI\u00d3N no garantiza la disponibilidad y continuidad del funcionamiento del Sitio Web o de aquellos otros sitios web con los que se haya establecido un Link. Asimismo, METAGESTI\u00d3N no ser\u00e1 en ning\u00fan caso responsable por cualesquiera da\u00f1os y perjuicios que puedan derivarse de (i) la falta de disponibilidad o accesibilidad al Sitio Web o a aquellos otros sitios con los que se haya establecido un Link; (ii) la interrupci\u00f3n en el funcionamiento del Sitio Web o fallos inform\u00e1ticos, aver\u00edas telef\u00f3nicas, desconexiones , retrasos o bloqueos causados por deficiencias o sobrecargas en las l\u00edneas telef\u00f3nicas, en el sistema de Internet o en otros sistemas electr\u00f3nicos producidos en el curso de su funcionamiento; (iii) la falta de idoneidad del Sitio Web para las necesidades espec\u00edficas de los Usuarios; y (iv) otros da\u00f1os que puedan ser causador por terceras personas mediante intromisiones no autorizadas ajenas al control de METAGESTI\u00d3N. Con el fin de disminuir el riesgo de introducci\u00f3n de virus en el Sitio Web, METAGESTI\u00d3N utiliza programas de detecci\u00f3n de virus para controlar todos los Contenidos que introduce en el Sitio Web. No obstante, METAGESTI\u00d3N no garantiza la ausencia de virus ni de otros elementos en el Sitio Web introducidos por terceros ajenos a METAGESTI\u00d3N que puedan producir alteraciones en los sistemas f\u00edsicos o l\u00f3gicos de los Usuarios o en los documentos electr\u00f3nicos y ficheros almacenados en sus sistemas. En consecuencia, METAGESTI\u00d3N no ser\u00e1 en ning\u00fan caso responsable de cualesquiera da\u00f1os y perjuicios de toda naturaleza que pudieran derivarse de la presencia de virus u otros elementos que puedan producir alteraciones en los sistemas f\u00edsicos o l\u00f3gicos, documentos electr\u00f3nicos o ficheros de los Usuarios.<\/p>\n<p>METAGESTI\u00d3N adopta diversas medidas de protecci\u00f3n para proteger el Sitio Web y los Contenidos contra ataques inform\u00e1ticos de terceros. No obstante, METAGESTI\u00d3N no garantiza que terceros no autorizados no puedan tener acceso al tipo de uso del Sitio Web que hace el Usuario o las condiciones, caracter\u00edsticas y circunstancias en las cuales se realiza dicho uso. En consecuencia, METAGESTI\u00d3N no ser\u00e1 en ning\u00fan caso responsable de los da\u00f1os y perjuicios que pudieran derivarse de dicho acceso no autorizado.<\/p>\n<p><strong>6.2.<\/strong> Exclusi\u00f3n de garant\u00edas y de responsabilidad por la utilizaci\u00f3n del Sitio Web. METAGESTI\u00d3N no se har\u00e1 responsable en ning\u00fan caso del uso que los Usuarios y\/o terceros pudieran hacer del Sitio Web o los Contenidos, ni de los da\u00f1os y perjuicios que pudieran derivarse del mismo.<\/p>\n<p><strong>6.3.<\/strong> Exclusi\u00f3n de garant\u00edas y de responsabilidad por los Contenidos. Con la inclusi\u00f3n en el Sitio Web de Contenidos de terceros, METAGESTI\u00d3N no se convierte en editor de los mismos; y en consecuencia, no garantiza ni se hace responsable de la licitud, fiabilidad, utilidad, veracidad, exactitud, exhaustividad y actualidad de dichos Contenidos. METAGESTI\u00d3N no ser\u00e1 en ning\u00fan caso responsable de cualesquiera da\u00f1os y perjuicios que pudieran derivarse de (i) la falta de licitud, fiabilidad, utilidad, veracidad, exactitud, exhaustividad, y\/o actualidad de los Contenidos originados por terceros; (ii) la inadecuaci\u00f3n para cualquier prop\u00f3sito y la defraudaci\u00f3n de las expectativas generadas por los Contenidos; (iii) decisiones o acciones tomadas o evitadas por parte del Usuario confiando en la informaci\u00f3n o datos facilitados o proporcionados, incluyendo sin limitaci\u00f3n la p\u00e9rdida de ganancias o de posibilidad de inversi\u00f3n.<\/p>\n<p><strong>6.4.<\/strong> Exclusi\u00f3n de garant\u00edas y de responsabilidad en relaci\u00f3n con los Links. El Sitio Web pone a disposici\u00f3n de los Usuarios dispositivos t\u00e9cnicos de enlace, directorios y herramientas de b\u00fasqueda que permiten a los Usuarios acceder a p\u00e1ginas web pertenecientes a y\/o gestionados por terceros. METAGESTI\u00d3N comprueba el contenido existente en dichas p\u00e1ginas en el momento en que establece un Link a las mismas y lo hace en la creencia de buena fe de que tales contenidos cumplen con la legislaci\u00f3n aplicable. No obstante, en ning\u00fan caso, METAGESTI\u00d3N se hace responsable, aprueba, ni hace propios los productos, servicios, contenidos, informaci\u00f3n, datos, archivos y cualquier clase de material existente en tales p\u00e1ginas web y no controla ni se hace responsable, aprueba o hace propias las sucesivas modificaciones de dichos materiales. En consecuencia, METAGESTI\u00d3N en ning\u00fan caso responder\u00e1 del acceso a otras p\u00e1ginas web o contenidos de terceros a trav\u00e9s de las conexiones y Links existentes.<\/p>\n<h3>7. ACCIONES EN CASO DE INCUMPLIMIENTO<\/h3>\n<p>METAGESTI\u00d3N se reserva el derecho a ejercer cuantas acciones est\u00e9n disponibles en derecho para exigir las responsabilidades que se deriven del incumplimiento de cualquiera de las disposiciones de estas Condiciones Generales de Uso del Sitio Web por parte de un Usuario.<\/p>\n<h3>8. POL\u00cdTICA DE PROTECCI\u00d3N DE DATOS<\/h3>\n<p>METAGESTI\u00d3N tratar\u00e1 los datos personales que sean necesarios para todas las funcionalidades que se recogen en este Sitio Web de acuerdo con lo recogido en la Pol\u00edtica de Privacidad Web. El titular de los datos podr\u00e1 ejercer los derechos de acceso, rectificaci\u00f3n, supresi\u00f3n, limitaci\u00f3n, portabilidad y oposici\u00f3n dirigiendo una comunicaci\u00f3n por escrito a METAGESTI\u00d3N, SGIIC, SAU, Calle Mar\u00eda de Molina, 39, 4\u00ba Izquierda. 28006 (Madrid) o a trav\u00e9s de la direcci\u00f3n del Delegado de Protecci\u00f3n de Datos en <a href=\"mailto:dpd@metagestion.com\" target=\"_blank\" rel=\"noopener\">dpd@metagestion.com<\/a><\/p>\n<h3>9. NULIDAD PARCIAL<\/h3>\n<p>La declaraci\u00f3n de cualquiera de estas condiciones generales como nula, inv\u00e1lida o ineficaz no afectar\u00e1 a la validez o eficacia de las restantes, que seguir\u00e1n siendo vinculantes entre las partes. La renuncia por cualquiera de las partes a exigir en un momento determinado el cumplimiento de una cualquiera de las condiciones generales aqu\u00ed estipuladas, no implicar\u00e1 una renuncia con car\u00e1cter general al cumplimiento de otra condici\u00f3n o condiciones, ni crear\u00e1 un derecho adquirido para la otra parte.<\/p>\n<h3>10. LEY APLICABLE<\/h3>\n<p>La prestaci\u00f3n del servicio del Sitio Web y las presentes Condiciones Generales de Uso del Sitio Web se rigen por la ley espa\u00f1ola, sin perjuicio de la aplicaci\u00f3n de las normas de derecho necesario de otros Pa\u00edses que resulten aplicables de acuerdo con el derecho internacional privado.<\/p>\n<h3>11. JURISDICCI\u00d3N<\/h3>\n<p>METAGESTI\u00d3N y el Usuario\/Distribuidor, en su caso, con renuncia expresa a cualquier otro fuero que pudiera corresponderles, acuerdan someterse a la jurisdicci\u00f3n de los Juzgados y Tribunales de la ciudad de Madrid, sin perjuicio de las normas de derecho internacional privado. El Usuario declara haber le\u00eddo y aceptar \u00edntegramente las presentes Condiciones Generales de Uso del Sitio Web, vigentes en el momento de acceder al Sitio Web.<\/p>\n<p>METAGESTI\u00d3N, S.G.I.I.C., S.A.U.[\/vc_column_text][\/vc_column][\/vc_row][vc_row remove_bottom_col_margin=\u00bbtrue\u00bb][vc_column]<div class=\"wpex-template-shortcode\"><div class=\"vc_row wpb_row vc_row-fluid wpex-relative wpex-vc_row-col-mb-0\"><div class=\"wpb_column vc_column_container vc_col-sm-12\"><div class=\"vc_column-inner\"><div class=\"wpb_wrapper\"><div class=\"vcex-spacing wpex-w-100 wpex-clear\" style=\"height:clamp(60px, 7vmax, 120px);\"><\/div><\/div><\/div><\/div><\/div>\n<\/div>[\/vc_column][\/vc_row]\n<\/div>","protected":false},"excerpt":{"rendered":"Aviso LegalAviso LegalPol\u00edtica de PrivacidadPol\u00edtica de CookiesSostenibilidadDocumentaci\u00f3n y ContratosAtenci\u00f3n al ClienteCanal de DenunciasAviso LegalPol\u00edtica de PrivacidadPol\u00edtica de CookiesSostenibilidadDocumentaci\u00f3n y ContratosAtenci\u00f3n al ClienteCanal de Denuncias Las presentes Condiciones Generales regulan el uso del Sitio Web de Internet \u201cwww.metagestion.com\u201d y\/o \u201cwww.metagestion.es\u201d (el \u201cSitio Web\u201d) que Metagesti\u00f3n, S.G.I.I.C., S.A.U., (en lo sucesivo, METAGESTI\u00d3N\u201d) ponen a su disposici\u00f3n como&hellip;","protected":false},"author":1,"featured_media":0,"parent":0,"menu_order":0,"comment_status":"closed","ping_status":"closed","template":"","meta":{"_acf_changed":false,"footnotes":""},"class_list":["post-528","page","type-page","status-publish","hentry","entry","no-media"],"acf":[],"_links":{"self":[{"href":"https:\/\/inkfusion.es\/desarrollo\/metagestion\/wp-json\/wp\/v2\/pages\/528","targetHints":{"allow":["GET"]}}],"collection":[{"href":"https:\/\/inkfusion.es\/desarrollo\/metagestion\/wp-json\/wp\/v2\/pages"}],"about":[{"href":"https:\/\/inkfusion.es\/desarrollo\/metagestion\/wp-json\/wp\/v2\/types\/page"}],"author":[{"embeddable":true,"href":"https:\/\/inkfusion.es\/desarrollo\/metagestion\/wp-json\/wp\/v2\/users\/1"}],"replies":[{"embeddable":true,"href":"https:\/\/inkfusion.es\/desarrollo\/metagestion\/wp-json\/wp\/v2\/comments?post=528"}],"version-history":[{"count":14,"href":"https:\/\/inkfusion.es\/desarrollo\/metagestion\/wp-json\/wp\/v2\/pages\/528\/revisions"}],"predecessor-version":[{"id":621,"href":"https:\/\/inkfusion.es\/desarrollo\/metagestion\/wp-json\/wp\/v2\/pages\/528\/revisions\/621"}],"wp:attachment":[{"href":"https:\/\/inkfusion.es\/desarrollo\/metagestion\/wp-json\/wp\/v2\/media?parent=528"}],"curies":[{"name":"wp","href":"https:\/\/api.w.org\/{rel}","templated":true}]}}