{"id":469,"date":"2025-10-29T18:34:09","date_gmt":"2025-10-29T17:34:09","guid":{"rendered":"https:\/\/inkfusion.es\/desarrollo\/metagestion\/?page_id=469"},"modified":"2025-12-04T20:10:58","modified_gmt":"2025-12-04T19:10:58","slug":"invertir","status":"publish","type":"page","link":"https:\/\/inkfusion.es\/desarrollo\/metagestion\/invertir\/","title":{"rendered":"Invertir"},"content":{"rendered":"<div class=\"wpb-content-wrapper\">[vc_row content_placement=\u00bbmiddle\u00bb remove_bottom_col_margin=\u00bbtrue\u00bb css=\u00bb.vc_custom_1761759641092{padding-top: 60px !important;}\u00bb][vc_column width=\u00bb1\/2&#8243;]<style>.vcex-heading.vcex_69e0aebeb4495{color:var(--wpex-palette-337-color);font-size:var(--wpex-text-xl);}.vcex-heading.vcex_69e0aebeb4495 .vcex-heading-icon{color:var(--wpex-palette-337-color);}<\/style><h2 class=\"vcex-heading vcex-heading-plain vcex-module wpex-heading wpex-text-2xl wpex-mb-20 wpex-text-left vcex_69e0aebeb4495\"><span class=\"vcex-heading-inner wpex-inline-block\"><span class=\"vcex-heading-icon vcex-heading-icon-left vcex-icon-wrap wpex-mr-10\"><span aria-hidden=\"true\" class=\"fa fa-solid fa-square-caret-right\"><\/span><\/span>El tiempo a tu favor<\/span><\/h2><style>.vcex-heading.vcex_69e0aebeb5299{font-size:var(--wpex-text-4xl);}<\/style><h2 class=\"vcex-heading vcex-heading-plain vcex-module wpex-heading wpex-text-2xl wpex-mb-20 wpex-text-left vcex_69e0aebeb5299\"><span class=\"vcex-heading-inner wpex-inline-block\">Empieza a invertir hoy<\/span><\/h2>[vc_column_text align=\u00bbleft\u00bb css=\u00bb\u00bb width=\u00bb600px\u00bb text_align=\u00bbleft\u00bb font_size=\u00bb1.07em\u00bb]Invirtiendo ponemos el tiempo a favor para transformar los logros de hoy en el bienestar de ma\u00f1ana.[\/vc_column_text][\/vc_column][vc_column width=\u00bb1\/2&#8243;]<figure class=\"vcex-image vcex-module\"><div class=\"vcex-image-inner wpex-relative wpex-inline-block\"><img width=\"1200\" height=\"800\" src=\"https:\/\/inkfusion.es\/desarrollo\/metagestion\/wp-content\/uploads\/2025\/12\/metagestion-interior-002.jpg\" class=\"vcex-image-img wpex-align-middle\" alt=\"\" loading=\"lazy\" decoding=\"async\" srcset=\"https:\/\/inkfusion.es\/desarrollo\/metagestion\/wp-content\/uploads\/2025\/12\/metagestion-interior-002.jpg 1200w, https:\/\/inkfusion.es\/desarrollo\/metagestion\/wp-content\/uploads\/2025\/12\/metagestion-interior-002-300x200.jpg 300w, https:\/\/inkfusion.es\/desarrollo\/metagestion\/wp-content\/uploads\/2025\/12\/metagestion-interior-002-1024x683.jpg 1024w, https:\/\/inkfusion.es\/desarrollo\/metagestion\/wp-content\/uploads\/2025\/12\/metagestion-interior-002-768x512.jpg 768w\" sizes=\"auto, (max-width: 1200px) 100vw, 1200px\" \/><\/div><\/figure>[\/vc_column][\/vc_row][vc_row remove_bottom_col_margin=\u00bbtrue\u00bb][vc_column]<div class=\"wpex-template-shortcode\"><div class=\"vc_row wpb_row vc_row-fluid wpex-relative wpex-vc_row-col-mb-0\"><div class=\"wpb_column vc_column_container vc_col-sm-12\"><div class=\"vc_column-inner\"><div class=\"wpb_wrapper\"><div class=\"vcex-spacing wpex-w-100 wpex-clear\" style=\"height:clamp(60px, 7vmax, 120px);\"><\/div><\/div><\/div><\/div><\/div>\n<\/div>[\/vc_column][\/vc_row][vc_section full_width=\u00bbstretch_row\u00bb wpex_bg_color=\u00bbpalette-391&#8243;][vc_row remove_bottom_col_margin=\u00bbtrue\u00bb][vc_column]<div class=\"wpex-template-shortcode\"><div class=\"vc_row wpb_row vc_row-fluid wpex-relative wpex-vc_row-col-mb-0\"><div class=\"wpb_column vc_column_container vc_col-sm-12\"><div class=\"vc_column-inner\"><div class=\"wpb_wrapper\"><div class=\"vcex-spacing wpex-w-100 wpex-clear\" style=\"height:clamp(60px, 7vmax, 120px);\"><\/div><\/div><\/div><\/div><\/div>\n<\/div>[\/vc_column][\/vc_row][vc_row][vc_column][vc_column_text child_inherit_color=\u00bbfalse\u00bb css=\u00bb\u00bb width=\u00bb650px\u00bb text_align=\u00bbcenter\u00bb font_size=\u00bb1.07em\u00bb]\n<h2 class=\"vcex-heading vcex-heading-plain vcex-module wpex-text-balance wpex-heading wpex-text-4xl wpex-mb-20 wpex-text-center vcex_69025811ee573\"><span class=\"vcex-heading-inner wpex-inline-block\">Invertir es la clave para hacer realidad tus metas financieras<\/span><\/h2>\n<p>Por ello, si empiezas a invertir hoy, pones las bases para que tus objetivos financieros se cumplan: ahora, en los pr\u00f3ximos a\u00f1os, y en el futuro a largo plazo.[\/vc_column_text]<div class=\"vcex-spacing wpex-w-100 wpex-clear\"><\/div>[\/vc_column][\/vc_row][vc_row gap=\u00bb30&#8243;][vc_column width=\u00bb1\/3&#8243;]<style>.vcex-heading.vcex_69e0aebeba99c{font-size:var(--wpex-text-2xl);}<\/style><h3 class=\"vcex-heading vcex-heading-plain vcex-module wpex-text-balance wpex-heading wpex-text-2xl wpex-mb-20 wpex-text-left vcex_69e0aebeba99c\"><span class=\"vcex-heading-inner wpex-inline-block\">El valor del dinero en el tiempo: haz que tu dinero crezca m\u00e1s que la inflaci\u00f3n<\/span><\/h3>[vc_column_text css=\u00bb\u00bb]Los dep\u00f3sitos pueden proteger tu dinero de las p\u00e9rdidas de valor nominal, pero s\u00f3lo con un dep\u00f3sito no puedes superar a la inflaci\u00f3n. Si inviertes en nuestros fondos, en la pr\u00e1ctica est\u00e1s comprando las acciones de las compa\u00f1\u00edas que hist\u00f3ricamente han logrado crecimientos de beneficios muy por encima de la inflaci\u00f3n.[\/vc_column_text]<div class=\"vcex-spacing wpex-w-100 wpex-clear\"><\/div>[vc_column_text css=\u00bb.vc_custom_1761760540927{border-top-width: 1px !important;border-right-width: 1px !important;border-bottom-width: 1px !important;border-left-width: 1px !important;padding-top: 10px !important;padding-right: 10px !important;padding-bottom: 10px !important;padding-left: 10px !important;border-left-style: solid !important;border-right-style: solid !important;border-top-style: solid !important;border-bottom-style: solid !important;border-radius: 10px !important;}\u00bb wpex_border_color=\u00bbpalette-340&#8243; wpex_bg_color=\u00bbpalette-345&#8243;]<strong>De esta forma, haces posible que tu poder adquisitivo crezca con el tiempo, al ritmo que t\u00fa quieres que lo haga.<\/strong>[\/vc_column_text][\/vc_column][vc_column width=\u00bb1\/3&#8243;]<style>.vcex-heading.vcex_69e0aebebb1d4{font-size:var(--wpex-text-2xl);}<\/style><h3 class=\"vcex-heading vcex-heading-plain vcex-module wpex-text-balance wpex-heading wpex-text-2xl wpex-mb-20 wpex-text-left vcex_69e0aebebb1d4\"><span class=\"vcex-heading-inner wpex-inline-block\">La magia de la capitalizaci\u00f3n compuesta<\/span><\/h3>[vc_column_text css=\u00bb\u00bb]Piensa en la capitalizaci\u00f3n compuesta como \u00abdinero que genera m\u00e1s dinero\u00bb. Imagina que inviertes 100 euros hoy. En un a\u00f1o, si obtienes un 5% de rentabilidad, tendr\u00e1s 105 euros. Lo interesante es que, al a\u00f1o siguiente, no solo ganar\u00e1s rentabilidad sobre tus 100 euros iniciales, sino tambi\u00e9n sobre los 5 euros extra que ganaste.[\/vc_column_text]<div class=\"vcex-spacing wpex-w-100 wpex-clear\"><\/div>[vc_column_text css=\u00bb.vc_custom_1761760400376{border-top-width: 1px !important;border-right-width: 1px !important;border-bottom-width: 1px !important;border-left-width: 1px !important;padding-top: 10px !important;padding-right: 10px !important;padding-bottom: 10px !important;padding-left: 10px !important;border-left-style: solid !important;border-right-style: solid !important;border-top-style: solid !important;border-bottom-style: solid !important;border-radius: 10px !important;}\u00bb wpex_border_color=\u00bbpalette-340&#8243; wpex_bg_color=\u00bbpalette-345&#8243;]<strong>\u00a1Tu dinero trabaja para ti! Cuanto antes empieces, m\u00e1s tiempo tienes para que esta magia haga su efecto.<\/strong>[\/vc_column_text][\/vc_column][vc_column width=\u00bb1\/3&#8243;]<style>.vcex-heading.vcex_69e0aebebb998{font-size:var(--wpex-text-2xl);}<\/style><h3 class=\"vcex-heading vcex-heading-plain vcex-module wpex-text-balance wpex-heading wpex-text-2xl wpex-mb-20 wpex-text-left vcex_69e0aebebb998\"><span class=\"vcex-heading-inner wpex-inline-block\">Alcanza tus metas m\u00e1s f\u00e1cilmente<\/span><\/h3>[vc_column_text css=\u00bb\u00bb]Invirtiendo das los pasos necesarios para cumplir tus metas financieras! Ya sea por ahorrar para la compra de tu primera casa, pagar la educaci\u00f3n de tus hijos, o disfrutar de una jubilaci\u00f3n c\u00f3moda, invertir te ayuda a llegar m\u00e1s r\u00e1pido hasta donde quieres llegar.[\/vc_column_text]<div class=\"vcex-spacing wpex-w-100 wpex-clear\"><\/div>[vc_column_text css=\u00bb.vc_custom_1761760627507{border-top-width: 1px !important;border-right-width: 1px !important;border-bottom-width: 1px !important;border-left-width: 1px !important;padding-top: 10px !important;padding-right: 10px !important;padding-bottom: 10px !important;padding-left: 10px !important;border-left-style: solid !important;border-right-style: solid !important;border-top-style: solid !important;border-bottom-style: solid !important;border-radius: 10px !important;}\u00bb wpex_border_color=\u00bbpalette-340&#8243; wpex_bg_color=\u00bbpalette-345&#8243;]<strong>Mientras tu vida transcurre, tus inversiones logran que tu dinero siga trabajando para ti.<\/strong>[\/vc_column_text][\/vc_column][\/vc_row][vc_row remove_bottom_col_margin=\u00bbtrue\u00bb][vc_column]<div class=\"wpex-template-shortcode\"><div class=\"vc_row wpb_row vc_row-fluid wpex-relative wpex-vc_row-col-mb-0\"><div class=\"wpb_column vc_column_container vc_col-sm-12\"><div class=\"vc_column-inner\"><div class=\"wpb_wrapper\"><div class=\"vcex-spacing wpex-w-100 wpex-clear\" style=\"height:clamp(60px, 7vmax, 120px);\"><\/div><\/div><\/div><\/div><\/div>\n<\/div>[\/vc_column][\/vc_row][\/vc_section][vc_row remove_bottom_col_margin=\u00bbtrue\u00bb][vc_column]<div class=\"wpex-template-shortcode\"><div class=\"vc_row wpb_row vc_row-fluid wpex-relative wpex-vc_row-col-mb-0\"><div class=\"wpb_column vc_column_container vc_col-sm-12\"><div class=\"vc_column-inner\"><div class=\"wpb_wrapper\"><div class=\"vcex-spacing wpex-w-100 wpex-clear\" style=\"height:clamp(60px, 7vmax, 120px);\"><\/div><\/div><\/div><\/div><\/div>\n<\/div>[\/vc_column][\/vc_row][vc_row][vc_column][vc_tta_tour section_title_tag=\u00bbh2&#8243; spacing=\u00bb\u00bb active_section=\u00bb1&#8243; css_animation=\u00bbnone\u00bb][vc_tta_section title=\u00bbFondos de inversi\u00f3n\u00bb tab_id=\u00bb1761761700662-a9ca05ab-1204&#8243;][vc_row_inner content_placement=\u00bbmiddle\u00bb remove_bottom_col_margin=\u00bbtrue\u00bb][vc_column_inner width=\u00bb1\/2&#8243;][vc_column_text css=\u00bb\u00bb]Tanto si est\u00e1s comenzando a pensar en tu futuro financiero como si ya tienes algo de dinero ahorrado, los fondos de inversi\u00f3n son la forma m\u00e1s sencilla, flexible y efectiva de hacer crecer tus ahorros.[\/vc_column_text]<div class=\"vcex-spacing wpex-w-100 wpex-clear\"><\/div><a href=\"#\" class=\"vcex-button theme-button inline\"><span class=\"vcex-button-inner theme-button-inner wpex-flex wpex-flex-wrap wpex-items-center wpex-justify-center\">Descubre nuestros fondos<\/span><\/a> [\/vc_column_inner][vc_column_inner width=\u00bb1\/2&#8243;]<figure class=\"vcex-image vcex-module\"><div class=\"vcex-image-inner wpex-relative wpex-inline-block\"><img width=\"800\" height=\"534\" src=\"https:\/\/inkfusion.es\/desarrollo\/metagestion\/wp-content\/uploads\/2023\/03\/img06.jpg\" class=\"vcex-image-img wpex-align-middle\" alt=\"\" loading=\"lazy\" decoding=\"async\" srcset=\"https:\/\/inkfusion.es\/desarrollo\/metagestion\/wp-content\/uploads\/2023\/03\/img06.jpg 800w, https:\/\/inkfusion.es\/desarrollo\/metagestion\/wp-content\/uploads\/2023\/03\/img06-300x200.jpg 300w, https:\/\/inkfusion.es\/desarrollo\/metagestion\/wp-content\/uploads\/2023\/03\/img06-768x513.jpg 768w\" sizes=\"auto, (max-width: 800px) 100vw, 800px\" \/><\/div><\/figure>[\/vc_column_inner][\/vc_row_inner][\/vc_tta_section][vc_tta_section title=\u00bbGesti\u00f3n de carteras\u00bb tab_id=\u00bb1761762301470-8dc22319-48cd\u00bb][vc_row_inner content_placement=\u00bbmiddle\u00bb remove_bottom_col_margin=\u00bbtrue\u00bb][vc_column_inner width=\u00bb1\/2&#8243;][vc_column_text css=\u00bb\u00bb]Llega un momento en el que tu dinero ha crecido lo suficiente para requerir soluciones m\u00e1s personalizadas y sofisticadas con las que canalizar tu patrimonio financiero a medida de tus objetivos.[\/vc_column_text]<div class=\"vcex-spacing wpex-w-100 wpex-clear\"><\/div><a href=\"#\" class=\"vcex-button theme-button inline\"><span class=\"vcex-button-inner theme-button-inner wpex-flex wpex-flex-wrap wpex-items-center wpex-justify-center\">Nuestra experiencia a tu disposici\u00f3n<\/span><\/a> [\/vc_column_inner][vc_column_inner width=\u00bb1\/2&#8243;]<figure class=\"vcex-image vcex-module\"><div class=\"vcex-image-inner wpex-relative wpex-inline-block\"><img width=\"1200\" height=\"800\" src=\"https:\/\/inkfusion.es\/desarrollo\/metagestion\/wp-content\/uploads\/2022\/07\/musthave-plugins.jpg\" class=\"vcex-image-img wpex-align-middle\" alt=\"\" loading=\"lazy\" decoding=\"async\" \/><\/div><\/figure>[\/vc_column_inner][\/vc_row_inner][\/vc_tta_section][vc_tta_section title=\u00bbPlanes de pensiones\u00bb tab_id=\u00bb1761762300668-1b604ff7-663b\u00bb][vc_row_inner content_placement=\u00bbmiddle\u00bb remove_bottom_col_margin=\u00bbtrue\u00bb][vc_column_inner width=\u00bb1\/2&#8243;][vc_column_text css=\u00bb\u00bb]La jubilaci\u00f3n es un problema en el que hay que trabajar toda la vida. Cuanto antes empieces, mejores resultados lograr\u00e1s.[\/vc_column_text]<div class=\"vcex-spacing wpex-w-100 wpex-clear\"><\/div><a href=\"#\" class=\"vcex-button theme-button inline\"><span class=\"vcex-button-inner theme-button-inner wpex-flex wpex-flex-wrap wpex-items-center wpex-justify-center\">Est\u00e1 en tu mano<\/span><\/a> [\/vc_column_inner][vc_column_inner width=\u00bb1\/2&#8243;]<figure class=\"vcex-image vcex-module\"><div class=\"vcex-image-inner wpex-relative wpex-inline-block\"><img width=\"1200\" height=\"800\" src=\"https:\/\/inkfusion.es\/desarrollo\/metagestion\/wp-content\/uploads\/2022\/07\/musthave-plugins.jpg\" class=\"vcex-image-img wpex-align-middle\" alt=\"\" loading=\"lazy\" decoding=\"async\" \/><\/div><\/figure>[\/vc_column_inner][\/vc_row_inner][\/vc_tta_section][\/vc_tta_tour][\/vc_column][\/vc_row][vc_section full_width=\u00bbstretch_row\u00bb content_placement=\u00bbmiddle\u00bb css=\u00bb.vc_custom_1761759102504{margin-top: 80px !important;padding-top: 60px !important;padding-right: 50px !important;padding-bottom: 60px !important;padding-left: 50px !important;}\u00bb wpex_bg_color=\u00bbpalette-337&#8243;][vc_row content_placement=\u00bbmiddle\u00bb css=\u00bb.vc_custom_1761757325129{background-image: url(https:\/\/inkfusion.es\/desarrollo\/metagestion\/wp-content\/uploads\/2025\/10\/logo-blanco-transp.png?id=463) !important;background-position: 0 0 !important;background-repeat: no-repeat !important;}\u00bb wpex_bg_position=\u00bbbottom right\u00bb wpex_bg_size=\u00bb400px\u00bb][vc_column width=\u00bb1\/2&#8243;]<style>.vcex-heading.vcex_69e0aebec5956{color:var(--wpex-palette-345-color);font-size:var(--wpex-text-xl);}<\/style><h2 class=\"vcex-heading vcex-heading-plain vcex-module wpex-heading wpex-text-2xl wpex-text-center vcex_69e0aebec5956\"><span class=\"vcex-heading-inner wpex-inline-block\"><span class=\"vcex-heading-icon vcex-heading-icon-left vcex-icon-wrap wpex-mr-10\"><span aria-hidden=\"true\" class=\"fa fa-regular fa-square-caret-right\"><\/span><\/span>\u00bfQuieres saber m\u00e1s detalles?<\/span><\/h2><div class=\"vcex-spacing wpex-w-100 wpex-clear\" style=\"height:20px;\"><\/div><style>.vcex-heading.vcex_69e0aebec68aa{color:var(--wpex-palette-345-color);font-size:var(--wpex-text-4xl);}<\/style><h2 class=\"vcex-heading vcex-heading-plain vcex-module wpex-heading wpex-text-2xl wpex-text-center vcex_69e0aebec68aa\"><span class=\"vcex-heading-inner wpex-inline-block\">M\u00e1s de 30 a\u00f1os aportando valor a los inversores<\/span><\/h2><div class=\"vcex-spacing wpex-w-100 wpex-clear\" style=\"height:20px;\"><\/div>[vc_column_text css=\u00bb\u00bb text_align=\u00bbcenter\u00bb color=\u00bbpalette-345&#8243;]Completa el formulario y te llamamos.[\/vc_column_text][\/vc_column][vc_column width=\u00bb1\/2&#8243;]<div class=\"vcex-spacing wpex-w-100 wpex-clear\" style=\"height:20px;\"><\/div>\n<div class=\"wpcf7 no-js\" id=\"wpcf7-f453-o1\" lang=\"es-ES\" dir=\"ltr\" data-wpcf7-id=\"453\">\n<div class=\"screen-reader-response\"><p role=\"status\" aria-live=\"polite\" aria-atomic=\"true\"><\/p> <ul><\/ul><\/div>\n<form action=\"\/desarrollo\/metagestion\/wp-json\/wp\/v2\/pages\/469#wpcf7-f453-o1\" method=\"post\" class=\"wpcf7-form init\" aria-label=\"Formulario de contacto\" novalidate=\"novalidate\" data-status=\"init\">\n<fieldset class=\"hidden-fields-container\"><input type=\"hidden\" name=\"_wpcf7\" value=\"453\" \/><input type=\"hidden\" name=\"_wpcf7_version\" value=\"6.1.4\" \/><input type=\"hidden\" name=\"_wpcf7_locale\" value=\"es_ES\" \/><input type=\"hidden\" name=\"_wpcf7_unit_tag\" value=\"wpcf7-f453-o1\" \/><input type=\"hidden\" name=\"_wpcf7_container_post\" value=\"0\" \/><input type=\"hidden\" name=\"_wpcf7_posted_data_hash\" value=\"\" \/>\n<\/fieldset>\n<div id=\"responsive-form\" class=\"clearfix\">\n\n <!-- Estilos espec\u00edficos del formulario -->\n\t<style>\n \/* Texto blanco para labels y elementos del formulario *\/\n #responsive-form label,\n #responsive-form span,\n #responsive-form a,\n #responsive-form p {\n color: #fff;\n }\n\n \/* Texto blanco de las opciones de checkbox *\/\n #responsive-form .wpcf7-checkbox label {\n color: #fff;\n }\n\t<\/style>\n\t<div class=\"column-half\">\n\t\t<p><label for=\"your-name\">Nombre completo<\/label><br \/>\n<span class=\"wpcf7-form-control-wrap\" data-name=\"your-name\"><input size=\"40\" maxlength=\"400\" class=\"wpcf7-form-control wpcf7-text wpcf7-validates-as-required\" id=\"your-name\" aria-required=\"true\" aria-invalid=\"false\" value=\"\" type=\"text\" name=\"your-name\" \/><\/span><br \/>\n<span id=\"wpcf7-69e0aebecc67e-wrapper\" class=\"wpcf7-form-control-wrap Apellidos-wrap\" style=\"display:none !important; visibility:hidden !important;\"><label for=\"wpcf7-69e0aebecc67e-field\" class=\"hp-message\">Por favor, deja este campo vac\u00edo.<\/label><input id=\"wpcf7-69e0aebecc67e-field\"  class=\"wpcf7-form-control wpcf7-text\" type=\"text\" name=\"Apellidos\" value=\"\" size=\"40\" tabindex=\"-1\" autocomplete=\"new-password\" \/><\/span>\n\t\t<\/p>\n\t<\/div>\n\t<div class=\"column-half\">\n\t\t<p><label for=\"your-email\">Email<\/label><br \/>\n<span class=\"wpcf7-form-control-wrap\" data-name=\"your-email\"><input size=\"40\" maxlength=\"400\" class=\"wpcf7-form-control wpcf7-email wpcf7-validates-as-required wpcf7-text wpcf7-validates-as-email\" id=\"your-email\" aria-required=\"true\" aria-invalid=\"false\" value=\"\" type=\"email\" name=\"your-email\" \/><\/span>\n\t\t<\/p>\n\t<\/div>\n\t<div class=\"column-half\">\n\t\t<p><label for=\"your-phone\">Tel\u00e9fono<\/label><br \/>\n<span class=\"wpcf7-form-control-wrap\" data-name=\"your-phone\"><input size=\"40\" maxlength=\"400\" class=\"wpcf7-form-control wpcf7-text wpcf7-validates-as-required\" id=\"your-phone\" aria-required=\"true\" aria-invalid=\"false\" value=\"\" type=\"text\" name=\"your-phone\" \/><\/span>\n\t\t<\/p>\n\t<\/div>\n\t<div class=\"column-half\">\n\t\t<p><label>Estoy interesado en:<\/label><br \/>\n<span class=\"wpcf7-form-control-wrap\" data-name=\"your-products\"><span class=\"wpcf7-form-control wpcf7-checkbox\"><span class=\"wpcf7-list-item first\"><label><input type=\"checkbox\" name=\"your-products[]\" value=\"Fondos de inversi\u00f3n\" \/><span class=\"wpcf7-list-item-label\">Fondos de inversi\u00f3n<\/span><\/label><\/span><span class=\"wpcf7-list-item\"><label><input type=\"checkbox\" name=\"your-products[]\" value=\"Gesti\u00f3n de carteras\" \/><span class=\"wpcf7-list-item-label\">Gesti\u00f3n de carteras<\/span><\/label><\/span><span class=\"wpcf7-list-item last\"><label><input type=\"checkbox\" name=\"your-products[]\" value=\"Planes de pensiones\" \/><span class=\"wpcf7-list-item-label\">Planes de pensiones<\/span><\/label><\/span><\/span><\/span>\n\t\t<\/p>\n\t<\/div>\n\t<div class=\"form-row\">\n\t\t<div class=\"column-full\">\n\t\t\t<p><span class=\"wpcf7-form-control-wrap\" data-name=\"acceptance-633\"><span class=\"wpcf7-form-control wpcf7-acceptance\"><span class=\"wpcf7-list-item\"><label><input type=\"checkbox\" name=\"acceptance-633\" value=\"1\" aria-invalid=\"false\" \/><span class=\"wpcf7-list-item-label\">He le\u00eddo y acepto la pol\u00edtica de privacidad \n      <span style=\"color:#fff;\">(<\/span>\n      <a href=\"https:\/\/inkfusion.es\/desarrollo\/metagestion\/politica-de-privacidad\/\" target=\"_blank\" style=\"color:#fff; text-decoration:underline;\">Aqu\u00ed<\/a>\n      <span style=\"color:#fff;\">)<\/span><\/span><\/label><\/span><\/span><\/span>\n\t\t\t<\/p>\n\t\t<\/div>\n\t<\/div>\n\t<div class=\"form-row\">\n\t\t<div class=\"column-full\">\n\t\t\t<p><input class=\"wpcf7-form-control wpcf7-submit has-spinner\" type=\"submit\" value=\"Enviar\" \/>\n\t\t\t<\/p>\n\t\t<\/div>\n\t<\/div>\n<\/div><!--end responsive-form--><div class=\"wpcf7-response-output\" aria-hidden=\"true\"><\/div>\n<\/form>\n<\/div>\n<div class=\"vcex-column-side-border vcex-column-side-border--left wpex-hidden wpex-md-block wpex-absolute wpex-top-50 wpex-left-0 wpex-max-h-100 wpex-h-100 wpex-w-1px wpex-surface-4 -wpex-translate-xy-50 vcex-left\" style=\"width:1px;background:var(--wpex-palette-345-color);\"><\/div>[\/vc_column][\/vc_row][\/vc_section]\n<\/div>","protected":false},"excerpt":{"rendered":"El tiempo a tu favorEmpieza a invertir hoy Invirtiendo ponemos el tiempo a favor para transformar los logros de hoy en el bienestar de ma\u00f1ana. Invertir es la clave para hacer realidad tus metas financieras Por ello, si empiezas a invertir hoy, pones las bases para que tus objetivos financieros se cumplan: ahora, en los&hellip;","protected":false},"author":1,"featured_media":0,"parent":0,"menu_order":0,"comment_status":"closed","ping_status":"closed","template":"","meta":{"_acf_changed":false,"footnotes":""},"class_list":["post-469","page","type-page","status-publish","hentry","entry","no-media"],"acf":[],"_links":{"self":[{"href":"https:\/\/inkfusion.es\/desarrollo\/metagestion\/wp-json\/wp\/v2\/pages\/469","targetHints":{"allow":["GET"]}}],"collection":[{"href":"https:\/\/inkfusion.es\/desarrollo\/metagestion\/wp-json\/wp\/v2\/pages"}],"about":[{"href":"https:\/\/inkfusion.es\/desarrollo\/metagestion\/wp-json\/wp\/v2\/types\/page"}],"author":[{"embeddable":true,"href":"https:\/\/inkfusion.es\/desarrollo\/metagestion\/wp-json\/wp\/v2\/users\/1"}],"replies":[{"embeddable":true,"href":"https:\/\/inkfusion.es\/desarrollo\/metagestion\/wp-json\/wp\/v2\/comments?post=469"}],"version-history":[{"count":60,"href":"https:\/\/inkfusion.es\/desarrollo\/metagestion\/wp-json\/wp\/v2\/pages\/469\/revisions"}],"predecessor-version":[{"id":42278,"href":"https:\/\/inkfusion.es\/desarrollo\/metagestion\/wp-json\/wp\/v2\/pages\/469\/revisions\/42278"}],"wp:attachment":[{"href":"https:\/\/inkfusion.es\/desarrollo\/metagestion\/wp-json\/wp\/v2\/media?parent=469"}],"curies":[{"name":"wp","href":"https:\/\/api.w.org\/{rel}","templated":true}]}}