{"id":41603,"date":"2025-11-10T09:47:05","date_gmt":"2025-11-10T08:47:05","guid":{"rendered":"https:\/\/inkfusion.es\/desarrollo\/metagestion\/?page_id=41603"},"modified":"2025-12-12T12:43:17","modified_gmt":"2025-12-12T11:43:17","slug":"preguntas-frecuentes","status":"publish","type":"page","link":"https:\/\/inkfusion.es\/desarrollo\/metagestion\/preguntas-frecuentes\/","title":{"rendered":"Preguntas frecuentes"},"content":{"rendered":"<div class=\"wpb-content-wrapper\">[vc_section][vc_row][vc_column width=\u00bb1\/2&#8243;]<div class=\"vcex-spacing wpex-w-100 wpex-clear\" style=\"height:clamp(60px, 5vmax, 100px);\"><\/div><h2 class=\"vcex-heading vcex-heading-plain vcex-module wpex-heading wpex-text-2xl\"><span class=\"vcex-heading-inner wpex-inline-block\">Fondos de inversi\u00f3n<\/span><\/h2><div class=\"vcex-spacing wpex-w-100 wpex-clear\" style=\"height:20px;\"><\/div>[vc_tta_accordion active_section=\u00bb100&#8243; collapsible_all=\u00bbtrue\u00bb][vc_tta_section title=\u00bb\u00bfC\u00f3mo puedo abrir una cuenta de fondos de inversi\u00f3n?\u00bb tab_id=\u00bb1762765703871-95c0caf8-4ff3&#8243;][vc_column_text css=\u00bb\u00bb]Para suscribir un fondo \u00fanicamente tiene que pinchar en el siguiente enlace mediante el que acceder\u00e1 al <a href=\"https:\/\/areacliente.metagestion.com\/signup\/#!\/\" target=\"_blank\" rel=\"noopener\">proceso de alta online<\/a> y seguir los pasos indicados. Para el caso de persona f\u00edsica en el que la titularidad sea \u00fanica, se podr\u00e1 dar de alta mediante firma digital adem\u00e1s de firma f\u00edsica. En el caso de alta digital debe disponer de webcam y de su DNI.<\/p>\n<p>Si tiene cualquier duda durante el proceso, estaremos encantados de atenderle en el siguiente n\u00famero de tel\u00e9fono: <strong>91 781 68 80<\/strong>.[\/vc_column_text][\/vc_tta_section][vc_tta_section title=\u00bb\u00bfPuedo contratar los fondos haciendo un traspaso desde otra gestora?\u00bb tab_id=\u00bb1762765703892-597c0c21-61fa\u00bb][vc_column_text css=\u00bb\u00bb]S\u00ed. Si todav\u00eda no es part\u00edcipe de ninguno de nuestros fondos y quiere realizar un traspaso a un fondo de Metagesti\u00f3n, \u00fanicamente tiene que <a href=\"https:\/\/areacliente.metagestion.com\/signup\/#!\/\" target=\"_blank\" rel=\"noopener\">pinchar en el siguiente enlace<\/a> mediante el que acceder\u00e1 al proceso de alta online y seguir los pasos indicados. En el caso de que ya sea cliente de cualquiera de nuestros fondos de inversi\u00f3n, puede introducir la orden de traspaso pinchando en el siguiente enlace a su Portal del Cliente.<\/p>\n<p>Si tiene cualquier duda durante el proceso, estaremos encantados de atenderle en el siguiente n\u00famero de tel\u00e9fono: <strong>91 781 68 80<\/strong>.[\/vc_column_text][\/vc_tta_section][vc_tta_section title=\u00bb\u00bfQu\u00e9 tengo que hacer para contratar los fondos de inversi\u00f3n si ya soy cliente de Metavalor Pensiones?\u00bb tab_id=\u00bb1762765703908-c035d48b-a375&#8243;][vc_column_text css=\u00bb\u00bb]Para contratar un fondo \u00fanicamente tiene que <a href=\"https:\/\/areacliente.metagestion.com\/portal\/#\/login\" target=\"_blank\" rel=\"noopener\">pinchar en el siguiente enlace<\/a> mediante el que acceder\u00e1 a su portal del cliente y realizar la operaci\u00f3n en el fondo de inversi\u00f3n que desee.<\/p>\n<p>Si tiene cualquier duda durante el proceso, estaremos encantados de atenderle en el siguiente n\u00famero de tel\u00e9fono: <strong>91 781 68 80<\/strong>.[\/vc_column_text][\/vc_tta_section][vc_tta_section title=\u00bb\u00bfCu\u00e1l es la cantidad m\u00ednima requerida para suscribir los fondos?\u00bb tab_id=\u00bb1762765703921-782783ff-1e1a\u00bb][vc_column_text css=\u00bb\u00bb]60 euros.[\/vc_column_text][\/vc_tta_section][vc_tta_section title=\u00bb\u00bfPuedo abrir varias cuentas?\u00bb tab_id=\u00bb1762765703934-7736c5e5-09f4&#8243;][vc_column_text css=\u00bb\u00bb]S\u00ed, siempre y cuando estos contratos no tengan la misma titularidad. En otras palabras, usted puede tener un contrato \u00fanicamente suyo, y ser copart\u00edcipe en otros contratos.[\/vc_column_text][\/vc_tta_section][vc_tta_section title=\u00bb\u00bfPuedo ingresar el dinero en el fondo y dar la orden de compra el d\u00eda que quiera?\u00bb tab_id=\u00bb1762765703945-9c7cd0cc-4fd5&#8243;][vc_column_text css=\u00bb\u00bb]No. Su ingreso tomar\u00e1 valor el d\u00eda en que entre su dinero, siempre y cuando dispongamos de la documentaci\u00f3n correspondiente a la suscripci\u00f3n debidamente cumplimentada y firmada antes de las 15:00h en el caso de que su proceso de alta haya sido mediante firma f\u00edsica.[\/vc_column_text][\/vc_tta_section][vc_tta_section title=\u00bb\u00bfQu\u00e9 d\u00eda toma valor mi posici\u00f3n?\u00bb tab_id=\u00bb1762765703957-20aa4b52-bd07&#8243;][vc_column_text css=\u00bb\u00bb]Su posici\u00f3n tomar\u00e1 valor el d\u00eda en que entre su dinero, siempre y cuando dispongamos de la documentaci\u00f3n correspondiente a la suscripci\u00f3n debidamente cumplimentada y firmada antes de las 15:00h en el caso de que su proceso de alta haya sido mediante firma f\u00edsica.[\/vc_column_text][\/vc_tta_section][vc_tta_section title=\u00bb\u00bfEs posible dar de alta a varios titulares?\u00bb tab_id=\u00bb1762765703968-2b6cccd6-95f4&#8243;][vc_column_text css=\u00bb\u00bb]S\u00ed. En el caso de ser dos o m\u00e1s titulares, ser\u00e1 necesario que nos env\u00eden una copia del DNI de todos los part\u00edcipes si no los han adjuntado durante el proceso de alta.[\/vc_column_text][\/vc_tta_section][vc_tta_section title=\u00bbSi damos de alta dos titulares, \u00bfpuede operar (suscripciones, traspasos, reembolsos) uno de los dos titulares o han de autorizarlo los dos?\u00bb tab_id=\u00bb1762765703980-18194766-7747&#8243;][vc_column_text css=\u00bb\u00bb]Si se realizan las operaciones a trav\u00e9s del portal del cliente, puede realizarlas un solo part\u00edcipe. Esto se debe a que seg\u00fan el contrato de acceso al \u00e1rea de clientes, estos aceptan expresamente que las relaciones entre ellos son siempre solidarias.[\/vc_column_text][\/vc_tta_section][vc_tta_section title=\u00bb\u00bfC\u00f3mo puedo enviar los documentos?\u00bb tab_id=\u00bb1762765703992-d4219e86-27d5&#8243;][vc_column_text css=\u00bb\u00bb]En el caso de que su proceso de alta haya sido mediante firma f\u00edsica, puede adelantarlos por email a <a href=\"mailto:info@metagestion.com\" target=\"_blank\" rel=\"noopener\">info@metagestion.com<\/a> o por fax al <strong>91 781 68 92<\/strong>.<\/p>\n<p>Posteriormente deber\u00e1 enviar los contratos originales por correo postal a la siguiente direcci\u00f3n: Calle Mar\u00eda de Molina, 39, 4\u00ba Izquierda 28006 Madrid[\/vc_column_text][\/vc_tta_section][\/vc_tta_accordion]<div class=\"vcex-spacing wpex-w-100 wpex-clear\" style=\"height:clamp(60px, 5vmax, 100px);\"><\/div><h2 class=\"vcex-heading vcex-heading-plain vcex-module wpex-heading wpex-text-2xl\"><span class=\"vcex-heading-inner wpex-inline-block\">Fondo de pensiones<\/span><\/h2><div class=\"vcex-spacing wpex-w-100 wpex-clear\" style=\"height:20px;\"><\/div>[vc_tta_accordion active_section=\u00bb100&#8243; collapsible_all=\u00bbtrue\u00bb][vc_tta_section title=\u00bb\u00bfC\u00f3mo puedo contratar Metavalor Pensiones?\u00bb tab_id=\u00bb1762764536516-6751b051-3a53&#8243;][vc_column_text css=\u00bb\u00bb]Para contratar nuestro plan de pensiones \u00fanicamente tiene que <a href=\"https:\/\/areacliente.metagestion.com\/signup\/#!\/\" target=\"_blank\" rel=\"noopener\">pinchar en el siguiente enlace<\/a> mediante el que acceder\u00e1 al proceso de alta online y seguir los pasos indicados. En el caso de que desee darse de alta mediante firma digital recuerde que debe disponer de webcam y de su DNI.<\/p>\n<p>Si tiene cualquier duda durante el proceso, estaremos encantados de atenderle en el siguiente n\u00famero de tel\u00e9fono: <strong>91 781 68 80<\/strong>.[\/vc_column_text][\/vc_tta_section][vc_tta_section title=\u00bb\u00bfCu\u00e1l es la cantidad m\u00ednima requerida para contratar Metavalor Pensiones?\u00bb tab_id=\u00bb1762764536519-ae5a7600-b9ac\u00bb][vc_column_text css=\u00bb\u00bb]60 euros.[\/vc_column_text][\/vc_tta_section][vc_tta_section title=\u00bb\u00bfPuedo traspasar mi plan de pensiones actual a Metavalor Pensiones?\u00bb tab_id=\u00bb1762764786056-15ce32e6-bad8&#8243;][vc_column_text css=\u00bb\u00bb]Si. Si quiere realizar un traspaso a un fondo de Metagesti\u00f3n, \u00fanicamente tiene que <a href=\"https:\/\/areacliente.metagestion.com\/signup\/#!\/\" target=\"_blank\" rel=\"noopener\">pinchar en el siguiente enlace<\/a> mediante el que acceder\u00e1 al proceso de alta online y seguir los pasos indicados. En el caso de que ya tenga contratado nuestro plan de pensiones, puede introducir la solicitud de traspaso mediante el siguiente enlace a su Portal del Cliente.<\/p>\n<p>Si tiene cualquier duda durante el proceso, estaremos encantados de atenderle en el siguiente n\u00famero de tel\u00e9fono: <strong>91 781 68 80<\/strong>.[\/vc_column_text][\/vc_tta_section][\/vc_tta_accordion][\/vc_column][vc_column width=\u00bb1\/2&#8243;]<div class=\"vcex-spacing wpex-w-100 wpex-clear\" style=\"height:clamp(60px, 5vmax, 100px);\"><\/div><h2 class=\"vcex-heading vcex-heading-plain vcex-module wpex-heading wpex-text-2xl\"><span class=\"vcex-heading-inner wpex-inline-block\">Seguridad<\/span><\/h2><div class=\"vcex-spacing wpex-w-100 wpex-clear\" style=\"height:20px;\"><\/div>[vc_tta_accordion active_section=\u00bb100&#8243; collapsible_all=\u00bbtrue\u00bb][vc_tta_section title=\u00bb\u00bfD\u00f3nde est\u00e1 el dinero del fondo?\u00bb tab_id=\u00bb1762766615174-557a6825-cd03&#8243;][vc_column_text css=\u00bb\u00bb]Se encuentra depositado en Inversis Banco, que es propiedad del grupo Banca March. Este grupo es uno de los de mayor solvencia bancaria de Europa seg\u00fan el BCE.[\/vc_column_text][\/vc_tta_section][vc_tta_section title=\u00bb\u00bfTiene Metagesti\u00f3n acceso a mi dinero?\u00bb tab_id=\u00bb1762766615204-1479e0da-9e4a\u00bb][vc_column_text css=\u00bb\u00bb]No. Las cuentas de Metagesti\u00f3n est\u00e1n separadas de las de los fondos, por lo que no tenemos acceso a ellas.[\/vc_column_text][\/vc_tta_section][vc_tta_section title=\u00bb\u00bfQu\u00e9 sucede si quiebra el depositario\/la gestora?\u00bb tab_id=\u00bb1762766615226-3cbe9802-19d3&#8243;][vc_column_text css=\u00bb\u00bb]En el improbable caso de que quebrara el depositario\/la gestora otro banco o entidad financiera tomar\u00eda su lugar sin perjuicio para los part\u00edcipes.[\/vc_column_text][\/vc_tta_section][\/vc_tta_accordion]<div class=\"vcex-spacing wpex-w-100 wpex-clear\" style=\"height:clamp(60px, 5vmax, 100px);\"><\/div><h2 class=\"vcex-heading vcex-heading-plain vcex-module wpex-heading wpex-text-2xl\"><span class=\"vcex-heading-inner wpex-inline-block\">Operaciones<\/span><\/h2><div class=\"vcex-spacing wpex-w-100 wpex-clear\" style=\"height:20px;\"><\/div>[vc_tta_accordion active_section=\u00bb100&#8243; collapsible_all=\u00bbtrue\u00bb][vc_tta_section title=\u00bb\u00bfC\u00f3mo puedo hacer nuevas suscripciones?\u00bb tab_id=\u00bb1762765923066-9d02cdde-3c01&#8243;][vc_column_text css=\u00bb\u00bb]Una vez que ya es cliente puede realizar suscripciones a trav\u00e9s del <a href=\"https:\/\/areacliente.metagestion.com\/signup\/#!\/\" target=\"_blank\" rel=\"noopener\">siguiente enlace<\/a> a su Portal del Cliente.<\/p>\n<p>Si tiene cualquier duda durante el proceso, estaremos encantados de atenderle en el siguiente n\u00famero de tel\u00e9fono: <strong>91 781 68 80<\/strong>.[\/vc_column_text][\/vc_tta_section][vc_tta_section title=\u00bb\u00bfEs posible hacer suscripciones peri\u00f3dicas?\u00bb tab_id=\u00bb1762765923081-9f7587b0-4e20&#8243;][vc_column_text css=\u00bb\u00bb]Una vez que ya es cliente puede realizar aportaciones peri\u00f3dicas tanto en fondos de inversi\u00f3n como en su plan de pensiones a trav\u00e9s del <a href=\"https:\/\/areacliente.metagestion.com\/signup\/#!\/\" target=\"_blank\" rel=\"noopener\">siguiente enlace<\/a> a su Portal del Cliente.<\/p>\n<p>Si tiene cualquier duda durante el proceso, estaremos encantados de atenderle en el siguiente n\u00famero de tel\u00e9fono: <strong>91 781 68 80<\/strong>.[\/vc_column_text][\/vc_tta_section][vc_tta_section title=\u00bb\u00bfC\u00f3mo puedo hacer un traspaso?\u00bb tab_id=\u00bb1762765923091-ed661cbd-acd3&#8243;][vc_column_text css=\u00bb\u00bb]Una vez que ya es cliente puede solicitar traspasos tanto de fondos de inversi\u00f3n como de su plan de pensiones a trav\u00e9s del <a href=\"https:\/\/areacliente.metagestion.com\/signup\/#!\/\" target=\"_blank\" rel=\"noopener\">siguiente enlace<\/a> a su Portal del Cliente.<\/p>\n<p>Si tiene cualquier duda durante el proceso, estaremos encantados de atenderle en el siguiente n\u00famero de tel\u00e9fono: <strong>91 781 68 80<\/strong>.[\/vc_column_text][\/vc_tta_section][vc_tta_section title=\u00bb\u00bfC\u00f3mo puedo hacer un reembolso?\u00bb tab_id=\u00bb1762766014880-f3fac2f0-91de\u00bb][vc_column_text css=\u00bb\u00bb]Puede solicitar reembolsos a trav\u00e9s del <a href=\"https:\/\/areacliente.metagestion.com\/signup\/#!\/\" target=\"_blank\" rel=\"noopener\">siguiente enlace<\/a> a su Portal del Cliente.<\/p>\n<p>Si tiene cualquier duda durante el proceso, estaremos encantados de atenderle en el siguiente n\u00famero de tel\u00e9fono: <strong>91 781 68 80<\/strong>.[\/vc_column_text][\/vc_tta_section][vc_tta_section title=\u00bb\u00bfHay un periodo m\u00ednimo de permanencia?\u00bb tab_id=\u00bb1762766016340-09c26dc4-41c7&#8243;][vc_column_text css=\u00bb\u00bb]No lo hay. En cualquier caso, debido al estilo de inversi\u00f3n que seguimos, recomendamos un periodo m\u00ednimo de 5 a\u00f1os para nuestros productos de renta variable y de 3 a\u00f1os para nuestro fondo mixto.[\/vc_column_text][\/vc_tta_section][\/vc_tta_accordion]<div class=\"vcex-spacing wpex-w-100 wpex-clear\" style=\"height:clamp(60px, 5vmax, 100px);\"><\/div><h2 class=\"vcex-heading vcex-heading-plain vcex-module wpex-heading wpex-text-2xl\"><span class=\"vcex-heading-inner wpex-inline-block\">Comisiones<\/span><\/h2><div class=\"vcex-spacing wpex-w-100 wpex-clear\" style=\"height:20px;\"><\/div>[vc_tta_accordion active_section=\u00bb100&#8243; collapsible_all=\u00bbtrue\u00bb][vc_tta_section title=\u00bb\u00bfQu\u00e9 comisiones hay?\u00bb tab_id=\u00bb1762766409546-112c704b-1164&#8243;][vc_column_text css=\u00bb\u00bb]No existe comisi\u00f3n de suscripci\u00f3n ni de reembolso, \u00fanicamente existe comisi\u00f3n de gesti\u00f3n que es diferente en funci\u00f3n de los fondos.[\/vc_column_text][\/vc_tta_section][vc_tta_section title=\u00bb\u00bfQu\u00e9 gastos hay?\u00bb tab_id=\u00bb1762766409565-c3765a71-b840&#8243;][vc_column_text css=\u00bb\u00bb]El gasto de depositar\u00eda es un 0,08%. Adem\u00e1s, existen otros gastos menores como el de auditor\u00eda.[\/vc_column_text][\/vc_tta_section][vc_tta_section title=\u00bb\u00bfCu\u00e1ndo me cobran las comisiones y los gastos?\u00bb tab_id=\u00bb1762766409581-1c8fb5bf-fe9b\u00bb][vc_column_text css=\u00bb\u00bb]Las comisiones y gastos se van descontando diariamente del valor liquidativo, por tanto, los valores liquidativos y rentabilidades que publicamos siempre son netos de comisiones y gastos.[\/vc_column_text][\/vc_tta_section][vc_tta_section title=\u00bb\u00bfHay alguna penalizaci\u00f3n o comisi\u00f3n de suscripci\u00f3n o reembolso?\u00bb tab_id=\u00bb1762766725399-e2c944bd-54c7&#8243;][vc_column_text css=\u00bb\u00bb]No. No existe ning\u00fan tipo de penalizaci\u00f3n o comisi\u00f3n por reembolso.<\/p>\n<p>No obstante, recomendamos un periodo de inversi\u00f3n de al menos 5 a\u00f1os para nuestros productos de renta variable y de 3 a\u00f1os para nuestro fondo mixto.[\/vc_column_text][\/vc_tta_section][\/vc_tta_accordion][\/vc_column][\/vc_row][\/vc_section][vc_section full_width=\u00bbstretch_row\u00bb content_placement=\u00bbmiddle\u00bb css=\u00bb.vc_custom_1761759102504{margin-top: 80px !important;padding-top: 60px !important;padding-right: 50px !important;padding-bottom: 60px !important;padding-left: 50px !important;}\u00bb wpex_bg_color=\u00bbpalette-337&#8243;][vc_row content_placement=\u00bbmiddle\u00bb css=\u00bb.vc_custom_1761757325129{background-image: url(https:\/\/inkfusion.es\/desarrollo\/metagestion\/wp-content\/uploads\/2025\/10\/logo-blanco-transp.png?id=463) !important;background-position: 0 0 !important;background-repeat: no-repeat !important;}\u00bb wpex_bg_position=\u00bbbottom right\u00bb wpex_bg_size=\u00bb400px\u00bb][vc_column width=\u00bb1\/2&#8243;]<style>.vcex-heading.vcex_69de7c475328d{color:var(--wpex-palette-345-color);font-size:var(--wpex-text-xl);}<\/style><h2 class=\"vcex-heading vcex-heading-plain vcex-module wpex-heading wpex-text-2xl wpex-text-center vcex_69de7c475328d\"><span class=\"vcex-heading-inner wpex-inline-block\"><span class=\"vcex-heading-icon vcex-heading-icon-left vcex-icon-wrap wpex-mr-10\"><span aria-hidden=\"true\" class=\"fa fa-regular fa-square-caret-right\"><\/span><\/span>\u00bfQuieres saber m\u00e1s detalles?<\/span><\/h2><div class=\"vcex-spacing wpex-w-100 wpex-clear\" style=\"height:20px;\"><\/div><style>.vcex-heading.vcex_69de7c4753d50{color:var(--wpex-palette-345-color);font-size:var(--wpex-text-4xl);}<\/style><h2 class=\"vcex-heading vcex-heading-plain vcex-module wpex-heading wpex-text-2xl wpex-text-center vcex_69de7c4753d50\"><span class=\"vcex-heading-inner wpex-inline-block\">M\u00e1s de 30 a\u00f1os aportando valor a los inversores<\/span><\/h2><div class=\"vcex-spacing wpex-w-100 wpex-clear\" style=\"height:20px;\"><\/div>[vc_column_text css=\u00bb\u00bb text_align=\u00bbcenter\u00bb color=\u00bbpalette-345&#8243;]Completa el formulario y te llamamos.[\/vc_column_text][\/vc_column][vc_column width=\u00bb1\/2&#8243;]<div class=\"vcex-spacing wpex-w-100 wpex-clear\" style=\"height:20px;\"><\/div>\n<div class=\"wpcf7 no-js\" id=\"wpcf7-f453-o1\" lang=\"es-ES\" dir=\"ltr\" data-wpcf7-id=\"453\">\n<div class=\"screen-reader-response\"><p role=\"status\" aria-live=\"polite\" aria-atomic=\"true\"><\/p> <ul><\/ul><\/div>\n<form action=\"\/desarrollo\/metagestion\/wp-json\/wp\/v2\/pages\/41603#wpcf7-f453-o1\" method=\"post\" class=\"wpcf7-form init\" aria-label=\"Formulario de contacto\" novalidate=\"novalidate\" data-status=\"init\">\n<fieldset class=\"hidden-fields-container\"><input type=\"hidden\" name=\"_wpcf7\" value=\"453\" \/><input type=\"hidden\" name=\"_wpcf7_version\" value=\"6.1.4\" \/><input type=\"hidden\" name=\"_wpcf7_locale\" value=\"es_ES\" \/><input type=\"hidden\" name=\"_wpcf7_unit_tag\" value=\"wpcf7-f453-o1\" \/><input type=\"hidden\" name=\"_wpcf7_container_post\" value=\"0\" \/><input type=\"hidden\" name=\"_wpcf7_posted_data_hash\" value=\"\" \/>\n<\/fieldset>\n<div id=\"responsive-form\" class=\"clearfix\">\n\n <!-- Estilos espec\u00edficos del formulario -->\n\t<style>\n \/* Texto blanco para labels y elementos del formulario *\/\n #responsive-form label,\n #responsive-form span,\n #responsive-form a,\n #responsive-form p {\n color: #fff;\n }\n\n \/* Texto blanco de las opciones de checkbox *\/\n #responsive-form .wpcf7-checkbox label {\n color: #fff;\n }\n\t<\/style>\n\t<div class=\"column-half\">\n\t\t<p><label for=\"your-name\">Nombre completo<\/label><br \/>\n<span class=\"wpcf7-form-control-wrap\" data-name=\"your-name\"><input size=\"40\" maxlength=\"400\" class=\"wpcf7-form-control wpcf7-text wpcf7-validates-as-required\" id=\"your-name\" aria-required=\"true\" aria-invalid=\"false\" value=\"\" type=\"text\" name=\"your-name\" \/><\/span><br \/>\n<span id=\"wpcf7-69de7c475504a-wrapper\" class=\"wpcf7-form-control-wrap Apellidos-wrap\" style=\"display:none !important; visibility:hidden !important;\"><label for=\"wpcf7-69de7c475504a-field\" class=\"hp-message\">Por favor, deja este campo vac\u00edo.<\/label><input id=\"wpcf7-69de7c475504a-field\"  class=\"wpcf7-form-control wpcf7-text\" type=\"text\" name=\"Apellidos\" value=\"\" size=\"40\" tabindex=\"-1\" autocomplete=\"new-password\" \/><\/span>\n\t\t<\/p>\n\t<\/div>\n\t<div class=\"column-half\">\n\t\t<p><label for=\"your-email\">Email<\/label><br \/>\n<span class=\"wpcf7-form-control-wrap\" data-name=\"your-email\"><input size=\"40\" maxlength=\"400\" class=\"wpcf7-form-control wpcf7-email wpcf7-validates-as-required wpcf7-text wpcf7-validates-as-email\" id=\"your-email\" aria-required=\"true\" aria-invalid=\"false\" value=\"\" type=\"email\" name=\"your-email\" \/><\/span>\n\t\t<\/p>\n\t<\/div>\n\t<div class=\"column-half\">\n\t\t<p><label for=\"your-phone\">Tel\u00e9fono<\/label><br \/>\n<span class=\"wpcf7-form-control-wrap\" data-name=\"your-phone\"><input size=\"40\" maxlength=\"400\" class=\"wpcf7-form-control wpcf7-text wpcf7-validates-as-required\" id=\"your-phone\" aria-required=\"true\" aria-invalid=\"false\" value=\"\" type=\"text\" name=\"your-phone\" \/><\/span>\n\t\t<\/p>\n\t<\/div>\n\t<div class=\"column-half\">\n\t\t<p><label>Estoy interesado en:<\/label><br \/>\n<span class=\"wpcf7-form-control-wrap\" data-name=\"your-products\"><span class=\"wpcf7-form-control wpcf7-checkbox\"><span class=\"wpcf7-list-item first\"><label><input type=\"checkbox\" name=\"your-products[]\" value=\"Fondos de inversi\u00f3n\" \/><span class=\"wpcf7-list-item-label\">Fondos de inversi\u00f3n<\/span><\/label><\/span><span class=\"wpcf7-list-item\"><label><input type=\"checkbox\" name=\"your-products[]\" value=\"Gesti\u00f3n de carteras\" \/><span class=\"wpcf7-list-item-label\">Gesti\u00f3n de carteras<\/span><\/label><\/span><span class=\"wpcf7-list-item last\"><label><input type=\"checkbox\" name=\"your-products[]\" value=\"Planes de pensiones\" \/><span class=\"wpcf7-list-item-label\">Planes de pensiones<\/span><\/label><\/span><\/span><\/span>\n\t\t<\/p>\n\t<\/div>\n\t<div class=\"form-row\">\n\t\t<div class=\"column-full\">\n\t\t\t<p><span class=\"wpcf7-form-control-wrap\" data-name=\"acceptance-633\"><span class=\"wpcf7-form-control wpcf7-acceptance\"><span class=\"wpcf7-list-item\"><label><input type=\"checkbox\" name=\"acceptance-633\" value=\"1\" aria-invalid=\"false\" \/><span class=\"wpcf7-list-item-label\">He le\u00eddo y acepto la pol\u00edtica de privacidad \n      <span style=\"color:#fff;\">(<\/span>\n      <a href=\"https:\/\/inkfusion.es\/desarrollo\/metagestion\/politica-de-privacidad\/\" target=\"_blank\" style=\"color:#fff; text-decoration:underline;\">Aqu\u00ed<\/a>\n      <span style=\"color:#fff;\">)<\/span><\/span><\/label><\/span><\/span><\/span>\n\t\t\t<\/p>\n\t\t<\/div>\n\t<\/div>\n\t<div class=\"form-row\">\n\t\t<div class=\"column-full\">\n\t\t\t<p><input class=\"wpcf7-form-control wpcf7-submit has-spinner\" type=\"submit\" value=\"Enviar\" \/>\n\t\t\t<\/p>\n\t\t<\/div>\n\t<\/div>\n<\/div><!--end responsive-form--><div class=\"wpcf7-response-output\" aria-hidden=\"true\"><\/div>\n<\/form>\n<\/div>\n<div class=\"vcex-column-side-border vcex-column-side-border--left wpex-hidden wpex-md-block wpex-absolute wpex-top-50 wpex-left-0 wpex-max-h-100 wpex-h-100 wpex-w-1px wpex-surface-4 -wpex-translate-xy-50 vcex-left\" style=\"width:1px;background:var(--wpex-palette-345-color);\"><\/div>[\/vc_column][\/vc_row][\/vc_section]\n<\/div>","protected":false},"excerpt":{"rendered":"<p>[vc_section][vc_row][vc_column width=\u00bb1\/2&#8243;][vc_tta_accordion active_section=\u00bb100&#8243; collapsible_all=\u00bbtrue\u00bb][vc_tta_section title=\u00bb\u00bfC\u00f3mo puedo abrir una cuenta de fondos de inversi\u00f3n?\u00bb tab_id=\u00bb1762765703871-95c0caf8-4ff3&#8243;][vc_column_text css=\u00bb\u00bb]Para suscribir un fondo \u00fanicamente tiene que pinchar en el siguiente enlace mediante el que acceder\u00e1 al proceso de alta online y seguir los pasos indicados. Para el caso de persona f\u00edsica en el que la titularidad sea \u00fanica, se podr\u00e1&hellip;<\/p>\n","protected":false},"author":1,"featured_media":0,"parent":0,"menu_order":0,"comment_status":"closed","ping_status":"closed","template":"","meta":{"_acf_changed":false,"footnotes":""},"class_list":["post-41603","page","type-page","status-publish","hentry","entry","no-media"],"acf":[],"_links":{"self":[{"href":"https:\/\/inkfusion.es\/desarrollo\/metagestion\/wp-json\/wp\/v2\/pages\/41603","targetHints":{"allow":["GET"]}}],"collection":[{"href":"https:\/\/inkfusion.es\/desarrollo\/metagestion\/wp-json\/wp\/v2\/pages"}],"about":[{"href":"https:\/\/inkfusion.es\/desarrollo\/metagestion\/wp-json\/wp\/v2\/types\/page"}],"author":[{"embeddable":true,"href":"https:\/\/inkfusion.es\/desarrollo\/metagestion\/wp-json\/wp\/v2\/users\/1"}],"replies":[{"embeddable":true,"href":"https:\/\/inkfusion.es\/desarrollo\/metagestion\/wp-json\/wp\/v2\/comments?post=41603"}],"version-history":[{"count":22,"href":"https:\/\/inkfusion.es\/desarrollo\/metagestion\/wp-json\/wp\/v2\/pages\/41603\/revisions"}],"predecessor-version":[{"id":41625,"href":"https:\/\/inkfusion.es\/desarrollo\/metagestion\/wp-json\/wp\/v2\/pages\/41603\/revisions\/41625"}],"wp:attachment":[{"href":"https:\/\/inkfusion.es\/desarrollo\/metagestion\/wp-json\/wp\/v2\/media?parent=41603"}],"curies":[{"name":"wp","href":"https:\/\/api.w.org\/{rel}","templated":true}]}}